{"id":2647,"date":"2025-06-20T06:42:07","date_gmt":"2025-06-20T05:42:07","guid":{"rendered":"https:\/\/novedivadlomelnik.com\/?page_id=2647"},"modified":"2025-10-03T15:03:27","modified_gmt":"2025-10-03T14:03:27","slug":"libushe","status":"publish","type":"page","link":"https:\/\/novedivadlomelnik.com\/?page_id=2647","title":{"rendered":"Libushe"},"content":{"rendered":"\n<div class=\"is-layout-flow wp-block-group\">\n<p><\/p>\n<\/div>\n\n\n\n<div class=\"is-layout-flex wp-container-4 wp-block-columns\">\n<div class=\"is-layout-flow wp-block-column\">\n<p class=\"has-text-align-center has-luminous-vivid-amber-color has-text-color\"><em>D\u011bj n\u00e1s zavede na Vy\u0161ehrad, t\u011bsn\u011b po smrti kn\u00ed\u017eete Kroka. Vl\u00e1dy se uj\u00edm\u00e1 kn\u011b\u017ena Libushe. Na hradi\u0161t\u011b p\u0159ijedou i jej\u00ed sestry Kazi a Teta. Bivoj se utk\u00e1 s&nbsp;kancem. Za horou \u0158\u00edp \u010d\u00edh\u00e1 kmen Amazonek, kter\u00e9 se chystaj\u00ed k&nbsp;boji. Na star\u00e9m Vy\u0161ehrad\u011b plyne \u017eivot sv\u00fdm tempem, stejn\u011b jako dnes, tam usiluj\u00ed mu\u017ei o p\u0159\u00edze\u0148 \u017een a \u017eeny o p\u0159\u00edze\u0148 mu\u017e\u016f, stejn\u011b jako dnes, se bojuje o moc a vl\u00e1du, lid\u00e9 se miluj\u00ed a ha\u0161te\u0159\u00ed, n\u011bkdo je dobr\u00fd, n\u011bkdo zl\u00fd\u2026.<\/em><\/p>\n\n\n\n<hr class=\"wp-block-separator has-alpha-channel-opacity\"\/>\n\n\n\n<p class=\"has-text-align-center\">Hudba, texty p\u00edsn\u00ed, n\u00e1m\u011bt:&nbsp;<strong>Radek \u0160langal<\/strong><\/p>\n\n\n\n<p class=\"has-text-align-center\">Re\u017eie:&nbsp;<strong>Milada Hlu\u0161t\u00edkov\u00e1<\/strong><\/p>\n\n\n\n<p class=\"has-text-align-center\">Kost\u00fdmy:&nbsp;Milada Hlu\u0161t\u00edkov\u00e1<\/p>\n\n\n\n<p class=\"has-text-align-center\">Zvuk:&nbsp;<strong>Jaroslav Mat\u011bjka<\/strong><\/p>\n\n\n\n<p class=\"has-text-align-center\">Choreografie: Ad\u00e9la Rajnoch L\u00edbalov\u00e1<\/p>\n\n\n\n<hr class=\"wp-block-separator has-alpha-channel-opacity\"\/>\n\n\n\n<p class=\"has-text-align-center has-primary-color has-text-color\">Obnoven\u00e1 premi\u00e9ra:&nbsp;<strong>12. srpna 2025<\/strong><\/p>\n<\/div>\n\n\n\n<div class=\"is-layout-flow wp-block-column\">\n<p class=\"has-text-align-center has-luminous-vivid-amber-background-color has-background has-large-font-size\"><strong>MUZIK\u00c1L<\/strong><\/p>\n\n\n\n<p class=\"has-text-align-center has-tertiary-background-color has-background\" style=\"padding-top:0;padding-right:0;padding-bottom:0;padding-left:0\">D\u00e9lka p\u0159edstaven\u00ed: 2h<\/p>\n\n\n\n<p class=\"has-text-align-center has-primary-color has-body-text-background-color has-text-color has-background\" style=\"padding-top:0;padding-right:0;padding-bottom:0;padding-left:0\">Vhodn\u00e9 od: bez omezen\u00ed<\/p>\n\n\n\n<figure class=\"wp-block-image size-large\"><a href=\"http:\/\/novedivadlomelnik.com\/wp-content\/uploads\/2025\/10\/9_lid.jpg\"><img decoding=\"async\" loading=\"lazy\" width=\"1024\" height=\"686\" src=\"http:\/\/novedivadlomelnik.com\/wp-content\/uploads\/2025\/10\/9_lid-1024x686.jpg\" alt=\"\" class=\"wp-image-2808\" srcset=\"https:\/\/novedivadlomelnik.com\/wp-content\/uploads\/2025\/10\/9_lid-1024x686.jpg 1024w, https:\/\/novedivadlomelnik.com\/wp-content\/uploads\/2025\/10\/9_lid-300x201.jpg 300w, https:\/\/novedivadlomelnik.com\/wp-content\/uploads\/2025\/10\/9_lid-768x515.jpg 768w, https:\/\/novedivadlomelnik.com\/wp-content\/uploads\/2025\/10\/9_lid.jpg 1200w\" sizes=\"(max-width: 1024px) 100vw, 1024px\" \/><\/a><\/figure>\n<\/div>\n<\/div>\n\n\n\n<hr class=\"wp-block-separator alignwide has-alpha-channel-opacity is-style-wide\"\/>\n\n\n\n<h2 class=\"has-text-align-center\">Osoby a obsazen\u00ed<\/h2>\n\n\n\n<div class=\"has-global-padding is-content-justification-center is-layout-constrained wp-block-group\">\n<div class=\"is-layout-flex wp-container-6 wp-block-columns\">\n<div class=\"is-layout-flow wp-block-column\" style=\"flex-basis:66.66%\">\n<table style=\"height: 417px;\" width=\"834\">\n<tbody>\n<tr>\n<td style=\"text-align: right;\" width=\"176\"><span style=\"color: #ffcc00;\">Libushe<\/span><\/td>\n<td width=\"340\"><strong>Ad\u00e9la Buri\u00e1nkov\u00e1<br><\/strong><\/td>\n<\/tr>\n<tr>\n<td style=\"text-align: right;\"><span style=\"color: #ffcc00;\">Kazi<\/span><\/td>\n<td><strong>Luk\u00e1\u0161 Nehyba<\/strong><\/td>\n<\/tr>\n<tr>\n<td style=\"text-align: right;\"><span style=\"color: #ffcc00;\">Teta<\/span><\/td>\n<td><strong>Ad\u00e9la Rajnoch L\u00edbalov\u00e1<\/strong><\/td>\n<\/tr>\n<tr>\n<td style=\"text-align: right;\"><span style=\"color: #ffcc00;\">Kandid\u00e1t, Panzerfaust, Bodyguard, DJ<\/span><\/td>\n<td><strong>Ji\u0159\u00ed Buri\u00e1nek<\/strong><\/td>\n<\/tr>\n<tr>\n<td style=\"text-align: right;\"><span style=\"color: #ffcc00;\">Kanec<\/span><\/td>\n<td style=\"text-align: left;\"><strong>Daniel \u0160imek<\/strong><\/td>\n<\/tr>\n<tr>\n<td style=\"text-align: right;\"><span style=\"color: #ffcc00;\">Bivoj<\/span><\/td>\n<td><strong>Tom\u00e1\u0161 Felix<\/strong><\/td>\n<\/tr>\n<tr>\n<td style=\"text-align: right;\"><span style=\"color: #ffcc00;\">R\u016f\u017ea, Posel<\/span><\/td>\n<td><strong>Nat\u00e1lie Kudriov\u00e1<\/strong><\/td>\n<\/tr>\n<tr>\n<td style=\"text-align: right;\"><span style=\"color: #ffcc00;\">Zem\u011bd\u011blkyn\u011b, Strom, D\u00edt\u011b<\/span><\/td>\n<td><strong>Michaela&nbsp; Profeldov\u00e1<\/strong><\/td>\n<\/tr>\n<tr>\n<td style=\"text-align: right;\"><span style=\"color: #ffcc00;\">Zem\u011bd\u011blkyn\u011b, Hlavn\u00ed Amazonka<\/span><\/td>\n<td><strong>Ad\u00e9la Havl\u00e1kov\u00e1<\/strong><\/td>\n<\/tr>\n<tr>\n<td style=\"text-align: right;\"><span style=\"color: #ffcc00;\">Kandid\u00e1t, Bodyguard<\/span><\/td>\n<td><strong>Luk\u00e1\u0161 Nov\u00e1k<\/strong><\/td>\n<\/tr>\n<tr>\n<td style=\"text-align: right;\"><span style=\"color: #ffcc00;\">Hermiona<\/span><\/td>\n<td><strong>Kl\u00e1ra Sou\u010dkov\u00e1<\/strong><\/td>\n<\/tr>\n<tr>\n<td style=\"text-align: right;\"><span style=\"color: #ffcc00;\">D\u00e1le hraj\u00ed:<\/span><\/td>\n<td><strong>Lucie Pol\u00e1kov\u00e1,<\/strong>&nbsp;<strong>Lucie Sou\u010dkov\u00e1, Pavl\u00edna \u0160vecov\u00e1, Renata \u0160im\u00e1kov\u00e1<\/strong>&nbsp;a <strong>Stanislava Urbanov\u00e1<\/strong><\/td>\n<\/tr>\n<tr>\n<td>&nbsp;<\/td>\n<td>&nbsp;<\/td>\n<\/tr>\n<tr>\n<td>&nbsp;<\/td>\n<td>&nbsp;<\/td>\n<\/tr>\n<\/tbody>\n<\/table>\n<\/div>\n<\/div>\n<\/div>\n\n\n\n\n\n<hr class=\"wp-block-separator has-alpha-channel-opacity\"\/>\n\n\n\n<figure class=\"is-layout-flex wp-block-gallery-8 wp-block-gallery has-nested-images columns-6 is-cropped\">\n<figure class=\"wp-block-image size-large\"><a href=\"https:\/\/novedivadlomelnik.com\/wp-content\/uploads\/2025\/10\/34_Libushe.jpg\" target=\"_blank\" rel=\"noopener\"><img decoding=\"async\" loading=\"lazy\" width=\"685\" height=\"1024\" data-id=\"2785\"  src=\"https:\/\/novedivadlomelnik.com\/wp-content\/uploads\/2025\/10\/34_Libushe-685x1024.jpg\" alt=\"\" class=\"wp-image-2785\" srcset=\"https:\/\/novedivadlomelnik.com\/wp-content\/uploads\/2025\/10\/34_Libushe-685x1024.jpg 685w, https:\/\/novedivadlomelnik.com\/wp-content\/uploads\/2025\/10\/34_Libushe-201x300.jpg 201w, https:\/\/novedivadlomelnik.com\/wp-content\/uploads\/2025\/10\/34_Libushe-768x1148.jpg 768w, https:\/\/novedivadlomelnik.com\/wp-content\/uploads\/2025\/10\/34_Libushe.jpg 803w\" sizes=\"(max-width: 685px) 100vw, 685px\" \/><\/a><\/figure>\n\n\n\n<figure class=\"wp-block-image size-large\"><a href=\"https:\/\/novedivadlomelnik.com\/wp-content\/uploads\/2025\/10\/78_Porcovani.jpg\" target=\"_blank\" rel=\"noopener\"><img decoding=\"async\" loading=\"lazy\" width=\"1024\" height=\"686\" data-id=\"2799\"  src=\"https:\/\/novedivadlomelnik.com\/wp-content\/uploads\/2025\/10\/78_Porcovani-1024x686.jpg\" alt=\"\" class=\"wp-image-2799\" srcset=\"https:\/\/novedivadlomelnik.com\/wp-content\/uploads\/2025\/10\/78_Porcovani-1024x686.jpg 1024w, https:\/\/novedivadlomelnik.com\/wp-content\/uploads\/2025\/10\/78_Porcovani-300x201.jpg 300w, https:\/\/novedivadlomelnik.com\/wp-content\/uploads\/2025\/10\/78_Porcovani-768x515.jpg 768w, https:\/\/novedivadlomelnik.com\/wp-content\/uploads\/2025\/10\/78_Porcovani.jpg 1200w\" sizes=\"(max-width: 1024px) 100vw, 1024px\" \/><\/a><\/figure>\n\n\n\n<figure class=\"wp-block-image size-large\"><a href=\"https:\/\/novedivadlomelnik.com\/wp-content\/uploads\/2025\/10\/18_Jirka_1.jpg\" target=\"_blank\" rel=\"noopener\"><img decoding=\"async\" loading=\"lazy\" width=\"1024\" height=\"685\" data-id=\"2786\"  src=\"https:\/\/novedivadlomelnik.com\/wp-content\/uploads\/2025\/10\/18_Jirka_1-1024x685.jpg\" alt=\"\" class=\"wp-image-2786\" srcset=\"https:\/\/novedivadlomelnik.com\/wp-content\/uploads\/2025\/10\/18_Jirka_1-1024x685.jpg 1024w, https:\/\/novedivadlomelnik.com\/wp-content\/uploads\/2025\/10\/18_Jirka_1-300x201.jpg 300w, https:\/\/novedivadlomelnik.com\/wp-content\/uploads\/2025\/10\/18_Jirka_1-768x514.jpg 768w, https:\/\/novedivadlomelnik.com\/wp-content\/uploads\/2025\/10\/18_Jirka_1.jpg 1200w\" sizes=\"(max-width: 1024px) 100vw, 1024px\" \/><\/a><\/figure>\n\n\n\n<figure class=\"wp-block-image size-large\"><a href=\"https:\/\/novedivadlomelnik.com\/wp-content\/uploads\/2025\/10\/45_Armada.jpg\" target=\"_blank\" rel=\"noopener\"><img decoding=\"async\" loading=\"lazy\" width=\"1024\" height=\"685\" data-id=\"2772\"  src=\"https:\/\/novedivadlomelnik.com\/wp-content\/uploads\/2025\/10\/45_Armada-1024x685.jpg\" alt=\"\" class=\"wp-image-2772\" srcset=\"https:\/\/novedivadlomelnik.com\/wp-content\/uploads\/2025\/10\/45_Armada-1024x685.jpg 1024w, https:\/\/novedivadlomelnik.com\/wp-content\/uploads\/2025\/10\/45_Armada-300x201.jpg 300w, https:\/\/novedivadlomelnik.com\/wp-content\/uploads\/2025\/10\/45_Armada-768x514.jpg 768w, https:\/\/novedivadlomelnik.com\/wp-content\/uploads\/2025\/10\/45_Armada.jpg 1200w\" sizes=\"(max-width: 1024px) 100vw, 1024px\" \/><\/a><\/figure>\n\n\n\n<figure class=\"wp-block-image size-large\"><a href=\"https:\/\/novedivadlomelnik.com\/wp-content\/uploads\/2025\/10\/76_Porcovani.jpg\" target=\"_blank\" rel=\"noopener\"><img decoding=\"async\" loading=\"lazy\" width=\"1024\" height=\"686\" data-id=\"2792\"  src=\"https:\/\/novedivadlomelnik.com\/wp-content\/uploads\/2025\/10\/76_Porcovani-1024x686.jpg\" alt=\"\" class=\"wp-image-2792\" srcset=\"https:\/\/novedivadlomelnik.com\/wp-content\/uploads\/2025\/10\/76_Porcovani-1024x686.jpg 1024w, https:\/\/novedivadlomelnik.com\/wp-content\/uploads\/2025\/10\/76_Porcovani-300x201.jpg 300w, https:\/\/novedivadlomelnik.com\/wp-content\/uploads\/2025\/10\/76_Porcovani-768x515.jpg 768w, https:\/\/novedivadlomelnik.com\/wp-content\/uploads\/2025\/10\/76_Porcovani.jpg 1200w\" sizes=\"(max-width: 1024px) 100vw, 1024px\" \/><\/a><\/figure>\n\n\n\n<figure class=\"wp-block-image size-large\"><a href=\"https:\/\/novedivadlomelnik.com\/wp-content\/uploads\/2025\/10\/64_Kanec.jpg\" target=\"_blank\" rel=\"noopener\"><img decoding=\"async\" loading=\"lazy\" width=\"1024\" height=\"685\" data-id=\"2779\"  src=\"https:\/\/novedivadlomelnik.com\/wp-content\/uploads\/2025\/10\/64_Kanec-1024x685.jpg\" alt=\"\" class=\"wp-image-2779\" srcset=\"https:\/\/novedivadlomelnik.com\/wp-content\/uploads\/2025\/10\/64_Kanec-1024x685.jpg 1024w, https:\/\/novedivadlomelnik.com\/wp-content\/uploads\/2025\/10\/64_Kanec-300x201.jpg 300w, https:\/\/novedivadlomelnik.com\/wp-content\/uploads\/2025\/10\/64_Kanec-768x514.jpg 768w, https:\/\/novedivadlomelnik.com\/wp-content\/uploads\/2025\/10\/64_Kanec.jpg 1200w\" sizes=\"(max-width: 1024px) 100vw, 1024px\" \/><\/a><\/figure>\n\n\n\n<figure class=\"wp-block-image size-large\"><a href=\"https:\/\/novedivadlomelnik.com\/wp-content\/uploads\/2025\/10\/11_Kytice.jpg\" target=\"_blank\" rel=\"noopener\"><img decoding=\"async\" loading=\"lazy\" width=\"1024\" height=\"686\" data-id=\"2780\"  src=\"https:\/\/novedivadlomelnik.com\/wp-content\/uploads\/2025\/10\/11_Kytice-1024x686.jpg\" alt=\"\" class=\"wp-image-2780\" srcset=\"https:\/\/novedivadlomelnik.com\/wp-content\/uploads\/2025\/10\/11_Kytice-1024x686.jpg 1024w, https:\/\/novedivadlomelnik.com\/wp-content\/uploads\/2025\/10\/11_Kytice-300x201.jpg 300w, https:\/\/novedivadlomelnik.com\/wp-content\/uploads\/2025\/10\/11_Kytice-768x515.jpg 768w, https:\/\/novedivadlomelnik.com\/wp-content\/uploads\/2025\/10\/11_Kytice.jpg 1200w\" sizes=\"(max-width: 1024px) 100vw, 1024px\" \/><\/a><\/figure>\n\n\n\n<figure class=\"wp-block-image size-large\"><a href=\"https:\/\/novedivadlomelnik.com\/wp-content\/uploads\/2025\/10\/75_Porcovani.jpg\" target=\"_blank\" rel=\"noopener\"><img decoding=\"async\" loading=\"lazy\" width=\"1024\" height=\"686\" data-id=\"2801\"  src=\"https:\/\/novedivadlomelnik.com\/wp-content\/uploads\/2025\/10\/75_Porcovani-1024x686.jpg\" alt=\"\" class=\"wp-image-2801\" srcset=\"https:\/\/novedivadlomelnik.com\/wp-content\/uploads\/2025\/10\/75_Porcovani-1024x686.jpg 1024w, https:\/\/novedivadlomelnik.com\/wp-content\/uploads\/2025\/10\/75_Porcovani-300x201.jpg 300w, https:\/\/novedivadlomelnik.com\/wp-content\/uploads\/2025\/10\/75_Porcovani-768x515.jpg 768w, https:\/\/novedivadlomelnik.com\/wp-content\/uploads\/2025\/10\/75_Porcovani.jpg 1200w\" sizes=\"(max-width: 1024px) 100vw, 1024px\" \/><\/a><\/figure>\n\n\n\n<figure class=\"wp-block-image size-large\"><a href=\"https:\/\/novedivadlomelnik.com\/wp-content\/uploads\/2025\/10\/59_kanec.jpg\" target=\"_blank\" rel=\"noopener\"><img decoding=\"async\" loading=\"lazy\" width=\"1024\" height=\"686\" data-id=\"2800\"  src=\"https:\/\/novedivadlomelnik.com\/wp-content\/uploads\/2025\/10\/59_kanec-1024x686.jpg\" alt=\"\" class=\"wp-image-2800\" srcset=\"https:\/\/novedivadlomelnik.com\/wp-content\/uploads\/2025\/10\/59_kanec-1024x686.jpg 1024w, https:\/\/novedivadlomelnik.com\/wp-content\/uploads\/2025\/10\/59_kanec-300x201.jpg 300w, https:\/\/novedivadlomelnik.com\/wp-content\/uploads\/2025\/10\/59_kanec-768x515.jpg 768w, https:\/\/novedivadlomelnik.com\/wp-content\/uploads\/2025\/10\/59_kanec.jpg 1200w\" sizes=\"(max-width: 1024px) 100vw, 1024px\" \/><\/a><\/figure>\n\n\n\n<figure class=\"wp-block-image size-large\"><a href=\"https:\/\/novedivadlomelnik.com\/wp-content\/uploads\/2025\/10\/9_lid.jpg\" target=\"_blank\" rel=\"noopener\"><img decoding=\"async\" loading=\"lazy\" width=\"1024\" height=\"686\" data-id=\"2808\"  src=\"https:\/\/novedivadlomelnik.com\/wp-content\/uploads\/2025\/10\/9_lid-1024x686.jpg\" alt=\"\" class=\"wp-image-2808\" srcset=\"https:\/\/novedivadlomelnik.com\/wp-content\/uploads\/2025\/10\/9_lid-1024x686.jpg 1024w, https:\/\/novedivadlomelnik.com\/wp-content\/uploads\/2025\/10\/9_lid-300x201.jpg 300w, https:\/\/novedivadlomelnik.com\/wp-content\/uploads\/2025\/10\/9_lid-768x515.jpg 768w, https:\/\/novedivadlomelnik.com\/wp-content\/uploads\/2025\/10\/9_lid.jpg 1200w\" sizes=\"(max-width: 1024px) 100vw, 1024px\" \/><\/a><\/figure>\n\n\n\n<figure class=\"wp-block-image size-large\"><a href=\"https:\/\/novedivadlomelnik.com\/wp-content\/uploads\/2025\/10\/30_Adela.jpg\" target=\"_blank\" rel=\"noopener\"><img decoding=\"async\" loading=\"lazy\" width=\"1024\" height=\"685\" data-id=\"2804\"  src=\"https:\/\/novedivadlomelnik.com\/wp-content\/uploads\/2025\/10\/30_Adela-1024x685.jpg\" alt=\"\" class=\"wp-image-2804\" srcset=\"https:\/\/novedivadlomelnik.com\/wp-content\/uploads\/2025\/10\/30_Adela-1024x685.jpg 1024w, https:\/\/novedivadlomelnik.com\/wp-content\/uploads\/2025\/10\/30_Adela-300x201.jpg 300w, https:\/\/novedivadlomelnik.com\/wp-content\/uploads\/2025\/10\/30_Adela-768x514.jpg 768w, https:\/\/novedivadlomelnik.com\/wp-content\/uploads\/2025\/10\/30_Adela.jpg 1200w\" sizes=\"(max-width: 1024px) 100vw, 1024px\" \/><\/a><\/figure>\n<\/figure>\n","protected":false},"excerpt":{"rendered":"<p> [&hellip;]<\/p>\n","protected":false},"author":1,"featured_media":2774,"parent":0,"menu_order":0,"comment_status":"closed","ping_status":"closed","template":"wp-custom-template-stranka","meta":{"_EventAllDay":false,"_EventTimezone":"","_EventStartDate":"","_EventEndDate":"","_EventStartDateUTC":"","_EventEndDateUTC":"","_EventShowMap":false,"_EventShowMapLink":false,"_EventURL":"","_EventCost":"","_EventCostDescription":"","_EventCurrencySymbol":"","_EventCurrencyCode":"","_EventCurrencyPosition":"","_EventDateTimeSeparator":"","_EventTimeRangeSeparator":"","_EventOrganizerID":[],"_EventVenueID":0,"_OrganizerEmail":"","_OrganizerPhone":"","_OrganizerWebsite":"","_VenueAddress":"","_VenueCity":"","_VenueCountry":"","_VenueProvince":"","_VenueZip":"","_VenuePhone":"","_VenueURL":"","_VenueStateProvince":"","_VenueLat":"","_VenueLng":""},"_links":{"self":[{"href":"https:\/\/novedivadlomelnik.com\/index.php?rest_route=\/wp\/v2\/pages\/2647"}],"collection":[{"href":"https:\/\/novedivadlomelnik.com\/index.php?rest_route=\/wp\/v2\/pages"}],"about":[{"href":"https:\/\/novedivadlomelnik.com\/index.php?rest_route=\/wp\/v2\/types\/page"}],"author":[{"embeddable":true,"href":"https:\/\/novedivadlomelnik.com\/index.php?rest_route=\/wp\/v2\/users\/1"}],"replies":[{"embeddable":true,"href":"https:\/\/novedivadlomelnik.com\/index.php?rest_route=%2Fwp%2Fv2%2Fcomments&post=2647"}],"version-history":[{"count":18,"href":"https:\/\/novedivadlomelnik.com\/index.php?rest_route=\/wp\/v2\/pages\/2647\/revisions"}],"predecessor-version":[{"id":2868,"href":"https:\/\/novedivadlomelnik.com\/index.php?rest_route=\/wp\/v2\/pages\/2647\/revisions\/2868"}],"wp:featuredmedia":[{"embeddable":true,"href":"https:\/\/novedivadlomelnik.com\/index.php?rest_route=\/wp\/v2\/media\/2774"}],"wp:attachment":[{"href":"https:\/\/novedivadlomelnik.com\/index.php?rest_route=%2Fwp%2Fv2%2Fmedia&parent=2647"}],"curies":[{"name":"wp","href":"https:\/\/api.w.org\/{rel}","templated":true}]}}