{"id":2619,"date":"2025-02-04T12:07:01","date_gmt":"2025-02-04T11:07:01","guid":{"rendered":"https:\/\/novedivadlomelnik.com\/?page_id=2619"},"modified":"2025-02-04T12:16:02","modified_gmt":"2025-02-04T11:16:02","slug":"psychopat","status":"publish","type":"page","link":"https:\/\/novedivadlomelnik.com\/?page_id=2619","title":{"rendered":"PsychOpat"},"content":{"rendered":"\n<div class=\"is-layout-flow wp-block-group\">\n<p><\/p>\n\n\n\n<h4 class=\"has-text-align-center\">Tento muzik\u00e1l z tv\u016fr\u010d\u00ed d\u00edlny na\u0161eho souboru p\u0159enese div\u00e1ka do Pa\u0159\u00ed\u017ee paralyzovan\u00e9 strachem z d\u00e9mon\u016f, kte\u0159\u00ed hodlaj\u00ed postupn\u011b ovl\u00e1dnout Francii a celou Evropu. Situace je natolik v\u00e1\u017en\u00e1, \u017ee \u00datvar pro boj s d\u00e9mony povol\u00e1 elitn\u00ed t\u00fdm tajn\u00fdch agent\u016f, jejich\u017e \u00fakolem je naj\u00edt br\u00e1nu, skrze kterou zlo p\u0159ich\u00e1z\u00ed. Stopy je dovedou do nen\u00e1padn\u00e9ho kl\u00e1\u0161tera. T\u00fdm mus\u00ed usp\u011bt d\u0159\u00edve, ne\u017e nastane tzv. absolutn\u00ed p\u016flnoc. Hladov\u00ed d\u00e9moni, tajupln\u00fd Quasimodo, hyperkorektn\u00ed sestra, zd\u00e1nliv\u011b zmaten\u00e9 pokyny ze Z\u00e1kladny, egomaniak Holmes, nic z toho jim pr\u00e1ci rozhodn\u011b neuleh\u010d\u00ed.<\/h4>\n\n\n\n<h4 class=\"has-text-align-center\"><br>\u010cek\u00e1 v\u00e1s spousta hudby, zp\u011bvu, tance, z\u00e1bavn\u00fdch i nap\u00ednav\u00fdch sc\u00e9n, love story \u2013 vlastn\u011b n\u011bkolik, nap\u00ednav\u00e1 z\u00e1pletka a hodn\u011b satiry.<\/h4>\n\n\n\n<p><\/p>\n<\/div>\n\n\n\n<div class=\"is-layout-flex wp-container-4 wp-block-columns\">\n<div class=\"is-layout-flow wp-block-column\">\n<p class=\"has-text-align-center\">Sc\u00e9n\u00e1\u0159, hudba, texty,&nbsp;: <strong>Radek \u0160langal<\/strong><\/p>\n\n\n\n<p class=\"has-text-align-center\">Re\u017eie&nbsp;: <strong>Alisa Gertsovskaya<\/strong><\/p>\n\n\n\n<p class=\"has-text-align-center\">Choreografie: <strong>Ad\u00e9la L\u00edbalov\u00e1<\/strong><\/p>\n\n\n\n<p class=\"has-text-align-center\">Bojov\u00e9 choreografie: <strong>Georgy Gertsovskiy<\/strong><\/p>\n\n\n\n<p class=\"has-text-align-center\">Sc\u00e9na:&nbsp;<strong>Jakub Gabriel Rajnoch<\/strong><\/p>\n\n\n\n<p class=\"has-text-align-center\">Zvuk: <strong>Jaroslav Mat\u011bjka<\/strong><\/p>\n\n\n\n<p class=\"has-text-align-center\">Sv\u011btla:<strong>&nbsp;V\u00e1clav&nbsp;Krev\u0148\u00e1k<\/strong><\/p>\n\n\n\n<p class=\"has-text-align-center\">Kost\u00fdmy: <strong>Milada Hlu\u0161t\u00edkov\u00e1<\/strong>,<strong> Alisa Gerstovskaya<\/strong><\/p>\n\n\n\n<p class=\"has-text-align-center\">Make-up:&nbsp;<strong>Elina Timashevskaia<\/strong><\/p>\n\n\n\n<p class=\"has-text-align-center\">Asistent re\u017eie:<strong>&nbsp;Christian Theodore Fi\u0161er<\/strong><\/p>\n\n\n\n<hr class=\"wp-block-separator has-alpha-channel-opacity\"\/>\n\n\n\n<p class=\"has-text-align-center has-primary-color has-text-color\">Premi\u00e9ra:&nbsp;19. \u00fanora 2025<\/p>\n<\/div>\n\n\n\n<div class=\"is-layout-flow wp-block-column\">\n<p class=\"has-text-align-center has-luminous-vivid-amber-background-color has-background has-large-font-size\"><strong>MUZIK\u00c1L<\/strong><\/p>\n\n\n\n<p class=\"has-text-align-center has-tertiary-background-color has-background\" style=\"padding-top:0;padding-right:0;padding-bottom:0;padding-left:0\">D\u00e9lka p\u0159edstaven\u00ed: 2h 15min<\/p>\n\n\n\n<p class=\"has-text-align-center has-primary-color has-body-text-background-color has-text-color has-background\" style=\"padding-top:0;padding-right:0;padding-bottom:0;padding-left:0\">Nevhodn\u00e9 pro ml\u00e1de\u017e<\/p>\n\n\n\n<figure class=\"wp-block-image size-full is-resized\"><a href=\"https:\/\/novedivadlomelnik.com\/wp-content\/uploads\/2025\/02\/2_psychopat345456465.jpg\"><img decoding=\"async\" loading=\"lazy\" src=\"https:\/\/novedivadlomelnik.com\/wp-content\/uploads\/2025\/02\/2_psychopat345456465.jpg\" alt=\"\" class=\"wp-image-2627\" width=\"328\" height=\"276\" srcset=\"https:\/\/novedivadlomelnik.com\/wp-content\/uploads\/2025\/02\/2_psychopat345456465.jpg 475w, https:\/\/novedivadlomelnik.com\/wp-content\/uploads\/2025\/02\/2_psychopat345456465-300x253.jpg 300w\" sizes=\"(max-width: 328px) 100vw, 328px\" \/><\/a><\/figure>\n<\/div>\n<\/div>\n\n\n\n<hr class=\"wp-block-separator alignwide has-alpha-channel-opacity is-style-wide\"\/>\n\n\n\n<h2 class=\"has-text-align-center\">Osoby a obsazen\u00ed<\/h2>\n\n\n\n<div class=\"is-layout-flex wp-container-7 wp-block-columns\">\n<div class=\"is-layout-flow wp-block-column\" style=\"flex-basis:66.66%\">\n<table style=\"height: 500px;\" width=\"742\">\n<tbody>\n<tr>\n<td width=\"176\"><span style=\"color: #ffcc00;\">Opat\/ agent KM6&nbsp; &nbsp;<\/span><\/td>\n<td width=\"340\"><strong>Jan Ja\u0161ek<br><\/strong><\/td>\n<\/tr>\n<tr>\n<td><span style=\"color: #ffcc00;\">Sestra Jasm\u00edna \/ agent KM5<\/span><\/td>\n<td><strong>Anna Dyntarov\u00e1<\/strong><\/td>\n<\/tr>\n<tr>\n<td><span style=\"color: #ffcc00;\">Watson \/ agent KM4<\/span><\/td>\n<td><strong>Jakub Gabriel Rajnoch<\/strong><\/td>\n<\/tr>\n<tr>\n<td><span style=\"color: #ffcc00;\">Sestra Lus\u00edlie \/ agent KM3<\/span><\/td>\n<td><strong>Ad\u00e9la L\u00edbalov\u00e1<\/strong><\/td>\n<\/tr>\n<tr>\n<td><span style=\"color: #ffcc00;\">Holmes \/ agent KM2<\/span><\/td>\n<td style=\"text-align: left;\"><strong>Christian Theodore Fi\u0161er<\/strong><\/td>\n<\/tr>\n<tr>\n<td><span style=\"color: #ffcc00;\">\u0160lupka \/ Empat\u00fdna<\/span><\/td>\n<td><strong>Anna \u010cern\u00e1<\/strong><\/td>\n<\/tr>\n<tr>\n<td><span style=\"color: #ffcc00;\">Kluk<\/span><\/td>\n<td><strong>Terezie Vr\u00e1nov\u00e1<\/strong><\/td>\n<\/tr>\n<tr>\n<td><span style=\"color: #ffcc00;\">Quasimodo<\/span><\/td>\n<td><strong>Pavel Syrov\u00fd&nbsp;<\/strong><\/td>\n<\/tr>\n<tr>\n<td><span style=\"color: #ffcc00;\">D\u00e9monka<\/span><\/td>\n<td><strong>Pavla \u0160vecov\u00e1<\/strong><\/td>\n<\/tr>\n<tr>\n<td><span style=\"color: #ffcc00;\">Sestra Kl\u00e1ra<\/span><\/td>\n<td><strong>Mariana Jandejskov\u00e1<br><\/strong><\/td>\n<\/tr>\n<tr>\n<td><span style=\"color: #ffcc00;\">Hlavn\u00ed d\u00e9mon<\/span><\/td>\n<td><strong>Tom\u00e1\u0161 Felix<\/strong><\/td>\n<\/tr>\n<tr>\n<td><span style=\"color: #ffcc00;\">Bratr Cham\u00e9leus<\/span><\/td>\n<td><strong>Alex Kr\u00e1tk\u00fd<\/strong><\/td>\n<\/tr>\n<tr>\n<td><span style=\"color: #ffcc00;\">Bratr Mi\u0161elin<\/span><\/td>\n<td><strong>Martin V\u00e1vra<\/strong><\/td>\n<\/tr>\n<tr>\n<td><span style=\"color: #ffcc00;\">D\u00e1le hraj\u00ed<\/span><\/td>\n<td>\n<p><strong>Luk\u00e1\u0161 Nehyba, Karel Kocourek, Nat\u00e1lie Kudriov\u00e1, Anna Wagnerov\u00e1, Jakub Sudom\u011b\u0159ick\u00fd, Jan Jakabovi\u010d, Petra Kaluginov\u00e1, Eli\u0161ka K\u0159emen\u00e1kov\u00e1<\/strong><\/p>\n<\/td>\n<\/tr>\n<\/tbody>\n<\/table>\n<\/div>\n\n\n\n<div class=\"is-layout-flow wp-block-column\" style=\"flex-basis:33.33%\">\n<div  class=\"tribe-compatibility-container\" >\n\t<div\n\t\t class=\"tribe-common tribe-events tribe-events-view tribe-events-view--widget-events-list tribe-events-widget\" \t\tdata-js=\"tribe-events-view\"\n\t\tdata-view-rest-nonce=\"cc7eebd238\"\n\t\tdata-view-rest-url=\"https:\/\/novedivadlomelnik.com\/index.php?rest_route=\/tribe\/views\/v2\/html\"\n\t\tdata-view-manage-url=\"1\"\n\t\t\t\t\t\t\tdata-view-breakpoint-pointer=\"298886b3-cbfb-4057-ae2a-16865f12c1e6\"\n\t\t\t>\n\t\t<div class=\"tribe-events-widget-events-list\">\n\n\t\t\t\n\t\t\t<script data-js=\"tribe-events-view-data\" type=\"application\/json\">\n\t{\"slug\":\"widget-events-list\",\"prev_url\":\"\",\"next_url\":\"\",\"view_class\":\"Tribe\\\\Events\\\\Views\\\\V2\\\\Views\\\\Widgets\\\\Widget_List_View\",\"view_slug\":\"widget-events-list\",\"view_label\":\"View\",\"view\":null,\"should_manage_url\":true,\"id\":null,\"alias-slugs\":null,\"title\":\"Nadch\\u00e1zej\\u00edc\\u00ed Akce \\u2013 Divadeln\\u00ed spolek Nov\\u00e9 divadlo M\\u011bln\\u00edk\",\"limit\":\"5\",\"no_upcoming_events\":false,\"featured_events_only\":false,\"jsonld_enable\":true,\"tribe_is_list_widget\":false,\"admin_fields\":{\"title\":{\"label\":\"Nadpis:\",\"type\":\"text\",\"classes\":\"\",\"dependency\":\"\",\"id\":\"widget-tribe-widget-events-list--1-title\",\"name\":\"widget-tribe-widget-events-list[-1][title]\",\"options\":[],\"placeholder\":\"\",\"value\":null},\"limit\":{\"label\":\"Zobrazit:\",\"type\":\"number\",\"default\":5,\"min\":1,\"max\":10,\"step\":1,\"classes\":\"\",\"dependency\":\"\",\"id\":\"widget-tribe-widget-events-list--1-limit\",\"name\":\"widget-tribe-widget-events-list[-1][limit]\",\"options\":[],\"placeholder\":\"\",\"value\":null},\"no_upcoming_events\":{\"label\":\"Skr\\u00fdt widget, pokud neexistuj\\u00ed \\u017e\\u00e1dn\\u00e9 nadch\\u00e1zej\\u00edc\\u00ed ud\\u00e1losti.\",\"type\":\"checkbox\",\"classes\":\"\",\"dependency\":\"\",\"id\":\"widget-tribe-widget-events-list--1-no_upcoming_events\",\"name\":\"widget-tribe-widget-events-list[-1][no_upcoming_events]\",\"options\":[],\"placeholder\":\"\",\"value\":null},\"featured_events_only\":{\"label\":\"Pouze vybran\\u00e9 ud\\u00e1losti\",\"type\":\"checkbox\",\"classes\":\"\",\"dependency\":\"\",\"id\":\"widget-tribe-widget-events-list--1-featured_events_only\",\"name\":\"widget-tribe-widget-events-list[-1][featured_events_only]\",\"options\":[],\"placeholder\":\"\",\"value\":null},\"jsonld_enable\":{\"label\":\"Generov\\u00e1n\\u00ed dat JSON-LD\",\"type\":\"checkbox\",\"classes\":\"\",\"dependency\":\"\",\"id\":\"widget-tribe-widget-events-list--1-jsonld_enable\",\"name\":\"widget-tribe-widget-events-list[-1][jsonld_enable]\",\"options\":[],\"placeholder\":\"\",\"value\":null}},\"events\":[],\"url\":\"https:\\\/\\\/novedivadlomelnik.com\\\/?post_type=tribe_events&eventDisplay=widget-events-list\",\"url_event_date\":false,\"bar\":{\"keyword\":\"\",\"date\":\"\"},\"today\":\"2026-04-18 00:00:00\",\"now\":\"2026-04-18 08:36:11\",\"rest_url\":\"https:\\\/\\\/novedivadlomelnik.com\\\/index.php?rest_route=\\\/tribe\\\/views\\\/v2\\\/html\",\"rest_method\":\"POST\",\"rest_nonce\":\"cc7eebd238\",\"today_url\":\"https:\\\/\\\/novedivadlomelnik.com\\\/?post_type=tribe_events&eventDisplay=widget-events-list&rest_route=%2Fwp%2Fv2%2Fpages%2F2619\",\"today_title\":\"Kliknut\\u00edm vyberete dne\\u0161n\\u00ed datum\",\"today_label\":\"Dnes\",\"prev_label\":\"\",\"next_label\":\"\",\"date_formats\":{\"compact\":\"Y-m-d\",\"month_and_year_compact\":\"Y-m\",\"month_and_year\":\"F Y\",\"time_range_separator\":\" - \",\"date_time_separator\":\" \\\/\"},\"messages\":{\"notice\":[\"\\u017d\\u00e1dn\\u00e9 nadch\\u00e1zej\\u00edc\\u00ed ud\\u00e1losti akce.\"]},\"start_of_week\":\"1\",\"breadcrumbs\":[],\"before_events\":\"\",\"after_events\":\"\\n<!--\\nTento kalend\\u00e1\\u0159 pou\\u017e\\u00edv\\u00e1 plugin The Events Calendar.\\nhttp:\\\/\\\/evnt.is\\\/18wn\\n-->\\n\",\"display_events_bar\":false,\"disable_event_search\":true,\"live_refresh\":true,\"ical\":{\"display_link\":true,\"link\":{\"url\":\"https:\\\/\\\/novedivadlomelnik.com\\\/?post_type=tribe_events&#038;eventDisplay=widget-events-list&#038;ical=1\",\"text\":\"Export Akce\",\"title\":\"Pro sd\\u00edlen\\u00ed kalend\\u00e1\\u0159ov\\u00fdch dat v aplikaci Kalend\\u00e1\\u0159 Google, Apple iCal nebo jin\\u00e9 kompatibiln\\u00ed\"}},\"container_classes\":[\"tribe-common\",\"tribe-events\",\"tribe-events-view\",\"tribe-events-view--widget-events-list\",\"tribe-events-widget\"],\"container_data\":[],\"is_past\":false,\"breakpoints\":{\"xsmall\":500,\"medium\":768,\"full\":960},\"breakpoint_pointer\":\"298886b3-cbfb-4057-ae2a-16865f12c1e6\",\"is_initial_load\":false,\"public_views\":{\"list\":{\"view_class\":\"Tribe\\\\Events\\\\Views\\\\V2\\\\Views\\\\List_View\",\"view_url\":\"https:\\\/\\\/novedivadlomelnik.com\\\/?post_type=tribe_events&eventDisplay=list\",\"view_label\":\"Seznam\"},\"month\":{\"view_class\":\"Tribe\\\\Events\\\\Views\\\\V2\\\\Views\\\\Month_View\",\"view_url\":\"https:\\\/\\\/novedivadlomelnik.com\\\/?post_type=tribe_events&eventDisplay=month\",\"view_label\":\"M\\u011bs\\u00edc\"},\"day\":{\"view_class\":\"Tribe\\\\Events\\\\Views\\\\V2\\\\Views\\\\Day_View\",\"view_url\":\"https:\\\/\\\/novedivadlomelnik.com\\\/?post_type=tribe_events&eventDisplay=day\",\"view_label\":\"Den\"}},\"show_latest_past\":false,\"compatibility_classes\":[\"tribe-compatibility-container\"],\"view_more_text\":\"Zobrazit kalend\\u00e1\\u0159\",\"view_more_title\":\"Zobrazit v\\u00edce akce.\",\"view_more_link\":\"https:\\\/\\\/novedivadlomelnik.com\",\"widget_title\":\"Nadch\\u00e1zej\\u00edc\\u00ed ud\\u00e1losti\",\"hide_if_no_upcoming_events\":false,\"display\":[],\"subscribe_links\":{\"gcal\":{\"block_slug\":\"hasGoogleCalendar\",\"label\":\"Kalend\\u00e1\\u0159 Google\",\"single_label\":\"P\\u0159idat do Google Kalend\\u00e1\\u0159e\",\"visible\":true},\"ical\":{\"block_slug\":\"hasiCal\",\"label\":\"iCalendar\",\"single_label\":\"P\\u0159idat do iCalendar\",\"visible\":true},\"outlook-365\":{\"block_slug\":\"hasOutlook365\",\"label\":\"Outlook 365\",\"single_label\":\"Outlook 365\",\"visible\":true},\"outlook-live\":{\"block_slug\":\"hasOutlookLive\",\"label\":\"Outlook Live\",\"single_label\":\"Outlook Live\",\"visible\":true},\"ics\":{\"label\":\"Export .ics file\",\"single_label\":\"Export .ics file\",\"visible\":true,\"block_slug\":null},\"outlook-ics\":{\"label\":\"Export Outlook .ics file\",\"single_label\":\"Export Outlook .ics file\",\"visible\":true,\"block_slug\":null}},\"_context\":{\"slug\":\"widget-events-list\"}}<\/script>\n\n\t\t\t\t\t\t\t<header class=\"tribe-events-widget-events-list__header\">\n\t\t\t\t\t<h2 class=\"tribe-events-widget-events-list__header-title tribe-common-h6 tribe-common-h--alt\">\n\t\t\t\t\t\tNadch\u00e1zej\u00edc\u00ed ud\u00e1losti\t\t\t\t\t<\/h2>\n\t\t\t\t<\/header>\n\t\t\t\n\t\t\t\n\t\t\t\t<div  class=\"tribe-events-header__messages tribe-events-c-messages tribe-common-b2\"  >\n\t\t\t<div class=\"tribe-events-c-messages__message tribe-events-c-messages__message--notice\" role=\"alert\">\n\t\t\t<svg  class=\"tribe-common-c-svgicon tribe-common-c-svgicon--messages-not-found tribe-events-c-messages__message-icon-svg\"  viewBox=\"0 0 21 23\" xmlns=\"http:\/\/www.w3.org\/2000\/svg\"><g fill-rule=\"evenodd\"><path d=\"M.5 2.5h20v20H.5z\"\/><path stroke-linecap=\"round\" d=\"M7.583 11.583l5.834 5.834m0-5.834l-5.834 5.834\" class=\"tribe-common-c-svgicon__svg-stroke\"\/><path stroke-linecap=\"round\" d=\"M4.5.5v4m12-4v4\"\/><path stroke-linecap=\"square\" d=\"M.5 7.5h20\"\/><\/g><\/svg>\n\t\t\t<ul class=\"tribe-events-c-messages__message-list\">\n\t\t\t\t\t\t\t\t\t<li\n\t\t\t\t\t\tclass=\"tribe-events-c-messages__message-list-item\"\n\t\t\t\t\t\t data-key=\"0\" \t\t\t\t\t>\n\t\t\t\t\t\u017d\u00e1dn\u00e9 nadch\u00e1zej\u00edc\u00ed ud\u00e1losti akce.\t\t\t\t\t<\/li>\n\t\t\t\t\t\t\t<\/ul>\n\t\t<\/div>\n\t<\/div>\n\n\t\t\t\t\t<\/div>\n\t<\/div>\n<\/div>\n\n<\/div>\n<\/div>\n","protected":false},"excerpt":{"rendered":"<p> [&hellip;]<\/p>\n","protected":false},"author":1,"featured_media":2631,"parent":9,"menu_order":0,"comment_status":"closed","ping_status":"closed","template":"wp-custom-template-stranka","meta":{"_EventAllDay":false,"_EventTimezone":"","_EventStartDate":"","_EventEndDate":"","_EventStartDateUTC":"","_EventEndDateUTC":"","_EventShowMap":false,"_EventShowMapLink":false,"_EventURL":"","_EventCost":"","_EventCostDescription":"","_EventCurrencySymbol":"","_EventCurrencyCode":"","_EventCurrencyPosition":"","_EventDateTimeSeparator":"","_EventTimeRangeSeparator":"","_EventOrganizerID":[],"_EventVenueID":0,"_OrganizerEmail":"","_OrganizerPhone":"","_OrganizerWebsite":"","_VenueAddress":"","_VenueCity":"","_VenueCountry":"","_VenueProvince":"","_VenueZip":"","_VenuePhone":"","_VenueURL":"","_VenueStateProvince":"","_VenueLat":"","_VenueLng":""},"_links":{"self":[{"href":"https:\/\/novedivadlomelnik.com\/index.php?rest_route=\/wp\/v2\/pages\/2619"}],"collection":[{"href":"https:\/\/novedivadlomelnik.com\/index.php?rest_route=\/wp\/v2\/pages"}],"about":[{"href":"https:\/\/novedivadlomelnik.com\/index.php?rest_route=\/wp\/v2\/types\/page"}],"author":[{"embeddable":true,"href":"https:\/\/novedivadlomelnik.com\/index.php?rest_route=\/wp\/v2\/users\/1"}],"replies":[{"embeddable":true,"href":"https:\/\/novedivadlomelnik.com\/index.php?rest_route=%2Fwp%2Fv2%2Fcomments&post=2619"}],"version-history":[{"count":11,"href":"https:\/\/novedivadlomelnik.com\/index.php?rest_route=\/wp\/v2\/pages\/2619\/revisions"}],"predecessor-version":[{"id":2638,"href":"https:\/\/novedivadlomelnik.com\/index.php?rest_route=\/wp\/v2\/pages\/2619\/revisions\/2638"}],"up":[{"embeddable":true,"href":"https:\/\/novedivadlomelnik.com\/index.php?rest_route=\/wp\/v2\/pages\/9"}],"wp:featuredmedia":[{"embeddable":true,"href":"https:\/\/novedivadlomelnik.com\/index.php?rest_route=\/wp\/v2\/media\/2631"}],"wp:attachment":[{"href":"https:\/\/novedivadlomelnik.com\/index.php?rest_route=%2Fwp%2Fv2%2Fmedia&parent=2619"}],"curies":[{"name":"wp","href":"https:\/\/api.w.org\/{rel}","templated":true}]}}