{"id":9,"date":"2010-11-29T19:32:40","date_gmt":"2010-11-29T19:32:40","guid":{"rendered":"http:\/\/novedivadlomelnik.com\/?page_id=9"},"modified":"2025-10-08T11:51:18","modified_gmt":"2025-10-08T10:51:18","slug":"repertoar","status":"publish","type":"page","link":"http:\/\/novedivadlomelnik.com\/?page_id=9","title":{"rendered":"Reperto\u00e1r"},"content":{"rendered":"\n<h1 class=\"has-body-text-color has-text-color\"><span style=\"color: #993300;\">pr\u00e1v\u011b uv\u00e1d\u00edme<\/span><\/h1>\n\n\n\n<h1><a href=\"https:\/\/novedivadlomelnik.com\/?page_id=2647\" data-type=\"page\" data-id=\"2647\">Libushe<\/a><\/h1>\n\n\n\n<h1><a href=\"https:\/\/novedivadlomelnik.com\/?page_id=2619\" data-type=\"page\" data-id=\"2619\">PSYCHOPAT<\/a><\/h1>\n\n\n\n<h1><a href=\"http:\/\/novedivadlomelnik.com\/?page_id=2103\" data-type=\"page\" data-id=\"2103\">SOUBOJ TIT\u00c1N\u016e &#8211; autorsk\u00fd muzik\u00e1l<\/a><\/h1>\n\n\n\n<h1><a href=\"http:\/\/novedivadlomelnik.com\/?page_id=2055\" data-type=\"page\" data-id=\"2055\">Tajemstv\u00ed z\u00e1mku Schei\u00dfburg\u016f<\/a><\/h1>\n\n\n\n<h2><span style=\"color: #993300;\">HR\u00c1LI JSME<\/span><\/h2>\n\n\n\n<figure class=\"wp-block-table\"><table><tbody><tr><td><a href=\"http:\/\/novedivadlomelnik.com\/?page_id=1346\"><img decoding=\"async\" loading=\"lazy\" class=\"alignnone wp-image-1277 size-full\" style=\"border: 0px none;\" title=\"\u0160eherez\u00e1da\" src=\"http:\/\/novedivadlomelnik.com\/wp-content\/uploads\/2010\/11\/sEHEREZADA-\u00favodn\u00ed-foto.jpg\" alt=\"\" width=\"216\" height=\"216\"><\/a><\/td><td><a href=\"http:\/\/novedivadlomelnik.com\/?page_id=1360\"><img decoding=\"async\" loading=\"lazy\" class=\"alignnone size-full wp-image-572\" style=\"border: 0px none;\" title=\"Libushe\" src=\"http:\/\/novedivadlomelnik.com\/wp-content\/uploads\/2012\/07\/libushe1.jpg\" alt=\"\" width=\"216\" height=\"216\" srcset=\"http:\/\/novedivadlomelnik.com\/wp-content\/uploads\/2012\/07\/libushe1.jpg 240w, http:\/\/novedivadlomelnik.com\/wp-content\/uploads\/2012\/07\/libushe1-150x150.jpg 150w\" sizes=\"(max-width: 216px) 100vw, 216px\" \/><\/a><\/td><td><img decoding=\"async\" loading=\"lazy\" title=\"M\u011blnick\u00e9 vinobran\u00ed\" src=\"http:\/\/novedivadlomelnik.com\/wp-content\/uploads\/2012\/07\/vinobrani.jpg\" alt=\"\" width=\"216\" height=\"216\"><\/td><\/tr><tr><td><\/td><td><\/td><td><\/td><\/tr><\/tbody><\/table><\/figure>\n\n\n\n<figure class=\"wp-block-table\"><table><tbody><tr><td><a href=\"http:\/\/novedivadlomelnik.com\/?p=500\"><img decoding=\"async\" loading=\"lazy\" class=\"alignleft size-full wp-image-567\" title=\"belinek\" src=\"http:\/\/novedivadlomelnik.com\/wp-content\/uploads\/2012\/07\/belinek.jpg\" alt=\"\" width=\"216\" height=\"216\" srcset=\"http:\/\/novedivadlomelnik.com\/wp-content\/uploads\/2012\/07\/belinek.jpg 240w, http:\/\/novedivadlomelnik.com\/wp-content\/uploads\/2012\/07\/belinek-150x150.jpg 150w\" sizes=\"(max-width: 216px) 100vw, 216px\" \/><\/a><\/td><td><a href=\"http:\/\/novedivadlomelnik.com\/?p=481\"><img decoding=\"async\" loading=\"lazy\" title=\"\u010certovsk\u00e1 \u0161kola\" src=\"http:\/\/novedivadlomelnik.com\/wp-content\/uploads\/2012\/07\/skola.jpg\" alt=\"\" width=\"216\" height=\"216\"> <\/a><\/td><td><img decoding=\"async\" loading=\"lazy\" class=\"alignnone size-full wp-image-568\" title=\"Podivn\u00e9 odpoledne dr. Zvonka Burkeho\" src=\"http:\/\/novedivadlomelnik.com\/wp-content\/uploads\/2012\/07\/burke.jpg\" alt=\"\" width=\"216\" height=\"216\" srcset=\"http:\/\/novedivadlomelnik.com\/wp-content\/uploads\/2012\/07\/burke.jpg 240w, http:\/\/novedivadlomelnik.com\/wp-content\/uploads\/2012\/07\/burke-150x150.jpg 150w\" sizes=\"(max-width: 216px) 100vw, 216px\" \/><\/td><\/tr><tr><td><a href=\"http:\/\/novedivadlomelnik.com\/?p=481\"><img decoding=\"async\" loading=\"lazy\" class=\"alignnone size-full wp-image-570\" title=\"J\u00e1 jsem Herbert\" src=\"http:\/\/novedivadlomelnik.com\/wp-content\/uploads\/2012\/07\/herbert.jpg\" alt=\"\" width=\"216\" height=\"216\" srcset=\"http:\/\/novedivadlomelnik.com\/wp-content\/uploads\/2012\/07\/herbert.jpg 240w, http:\/\/novedivadlomelnik.com\/wp-content\/uploads\/2012\/07\/herbert-150x150.jpg 150w\" sizes=\"(max-width: 216px) 100vw, 216px\" \/><\/a><\/td><td><a href=\"http:\/\/novedivadlomelnik.com\/?page_id=1357\"><img decoding=\"async\" loading=\"lazy\" class=\"alignnone size-full wp-image-960\" style=\"border: 0px none;\" title=\"Kv\u011bt zapomn\u011bn\u00ed\" src=\"http:\/\/novedivadlomelnik.com\/wp-content\/uploads\/2010\/11\/DSC_2336.jpg\" alt=\"Kv\u011bt zapomn\u011bn\u00ed\" width=\"216\" height=\"216\"><\/a><\/td><td><a href=\"http:\/\/novedivadlomelnik.com\/?p=474\"><img decoding=\"async\" loading=\"lazy\" style=\"border: 0px none;\" title=\"Kanape\" src=\"http:\/\/novedivadlomelnik.com\/wp-content\/uploads\/2012\/07\/kanape.jpg\" alt=\"\" width=\"216\" height=\"216\"><\/a><\/td><\/tr><tr><td><\/td><td><a href=\"http:\/\/novedivadlomelnik.com\/?page_id=1349\"><img decoding=\"async\" loading=\"lazy\" class=\"size-full wp-image-1135\" style=\"border: 0px none;\" title=\"Teti\u010dky\" src=\"http:\/\/novedivadlomelnik.com\/wp-content\/uploads\/2015\/09\/tETI\u010cKY-\u00favodn\u00ed-foto.jpg\" alt=\"Teti\u010dky\" width=\"216\" height=\"216\"><\/a><\/td><td><\/td><\/tr><\/tbody><\/table><\/figure>\n","protected":false},"excerpt":{"rendered":"<p> [&hellip;]<\/p>\n","protected":false},"author":1,"featured_media":1898,"parent":0,"menu_order":0,"comment_status":"closed","ping_status":"closed","template":"wp-custom-template-stranka","meta":{"_EventAllDay":false,"_EventTimezone":"","_EventStartDate":"","_EventEndDate":"","_EventStartDateUTC":"","_EventEndDateUTC":"","_EventShowMap":false,"_EventShowMapLink":false,"_EventURL":"","_EventCost":"","_EventCostDescription":"","_EventCurrencySymbol":"","_EventCurrencyCode":"","_EventCurrencyPosition":"","_EventDateTimeSeparator":"","_EventTimeRangeSeparator":"","_EventOrganizerID":[],"_EventVenueID":0,"_OrganizerEmail":"","_OrganizerPhone":"","_OrganizerWebsite":"","_VenueAddress":"","_VenueCity":"","_VenueCountry":"","_VenueProvince":"","_VenueZip":"","_VenuePhone":"","_VenueURL":"","_VenueStateProvince":"","_VenueLat":"","_VenueLng":""},"_links":{"self":[{"href":"http:\/\/novedivadlomelnik.com\/index.php?rest_route=\/wp\/v2\/pages\/9"}],"collection":[{"href":"http:\/\/novedivadlomelnik.com\/index.php?rest_route=\/wp\/v2\/pages"}],"about":[{"href":"http:\/\/novedivadlomelnik.com\/index.php?rest_route=\/wp\/v2\/types\/page"}],"author":[{"embeddable":true,"href":"http:\/\/novedivadlomelnik.com\/index.php?rest_route=\/wp\/v2\/users\/1"}],"replies":[{"embeddable":true,"href":"http:\/\/novedivadlomelnik.com\/index.php?rest_route=%2Fwp%2Fv2%2Fcomments&post=9"}],"version-history":[{"count":65,"href":"http:\/\/novedivadlomelnik.com\/index.php?rest_route=\/wp\/v2\/pages\/9\/revisions"}],"predecessor-version":[{"id":2929,"href":"http:\/\/novedivadlomelnik.com\/index.php?rest_route=\/wp\/v2\/pages\/9\/revisions\/2929"}],"wp:featuredmedia":[{"embeddable":true,"href":"http:\/\/novedivadlomelnik.com\/index.php?rest_route=\/wp\/v2\/media\/1898"}],"wp:attachment":[{"href":"http:\/\/novedivadlomelnik.com\/index.php?rest_route=%2Fwp%2Fv2%2Fmedia&parent=9"}],"curies":[{"name":"wp","href":"https:\/\/api.w.org\/{rel}","templated":true}]}}