{"id":7,"date":"2010-11-29T19:32:20","date_gmt":"2010-11-29T19:32:20","guid":{"rendered":"http:\/\/novedivadlomelnik.com\/?page_id=7"},"modified":"2025-10-03T15:00:45","modified_gmt":"2025-10-03T14:00:45","slug":"galerie","status":"publish","type":"page","link":"http:\/\/novedivadlomelnik.com\/?page_id=7","title":{"rendered":"Fotogalerie"},"content":{"rendered":"\n\n<!-- Page-list plugin v.5.9 wordpress.org\/plugins\/page-list\/ -->\n<div class=\"page-list page-list-ext \">\n<div class=\"page-list-ext-item\"><div class=\"page-list-ext-image\"><a href=\"http:\/\/novedivadlomelnik.com\/?page_id=2953\" title=\"KOCOUREK MODROO\u010cKO - PREMI\u00c9RA\"><img src=\"http:\/\/novedivadlomelnik.com\/wp-content\/uploads\/2026\/01\/52_Krecek-150x150.jpg\" width=\"150\" alt=\"KOCOUREK MODROO\u010cKO - PREMI\u00c9RA\" \/><\/a><\/div> <h3 class=\"page-list-ext-title\"><a href=\"http:\/\/novedivadlomelnik.com\/?page_id=2953\" title=\"KOCOUREK MODROO\u010cKO - PREMI\u00c9RA\">KOCOUREK MODROO\u010cKO - PREMI\u00c9RA<\/a><\/h3><div class=\"page-list-ext-item-content\">\nPremi\u00e9ra hudebn\u00ed poh\u00e1dky ve M\u0161en\u011b. \n\n\n\nFoto: Ing. Josef Havel \n\n\n\n\n  \n\n\n\n  \n\n\n\n  \n\n\n\n  \n\n\n\n  \n\n\n\n  \n\n\n\n  \n\n\n\n  \n\n\n\n  \n\n\n\n  \n\n\n\n  \n\n\n\n  \n\n\n\n  \n\n\n\n  \n\n\n\n  \n\n\n\n  \n\n\n\n  \n\n\n\n  \n\n\n\n  \n\n\n\n  \n\n\n\n  \n\n\n\n  \n\n\n\n  \n\n\n\n  \n\n\n\n  \n\n\n\n  \n\n\n\n  \n\n\n\n  \n\n\n\n  \n\n\n\n  \n\n\n\n  \n\n\n...<\/div><\/div>\n<div class=\"page-list-ext-item\"><div class=\"page-list-ext-image\"><a href=\"http:\/\/novedivadlomelnik.com\/?page_id=2751\" title=\"Libushe - premi\u00e9ra 12. 8. 2025 - M\u011bln\u00edk\"><img src=\"http:\/\/novedivadlomelnik.com\/wp-content\/uploads\/2025\/10\/76_Porcovani-150x150.jpg\" width=\"150\" alt=\"Libushe - premi\u00e9ra 12. 8. 2025 - M\u011bln\u00edk\" \/><\/a><\/div> <h3 class=\"page-list-ext-title\"><a href=\"http:\/\/novedivadlomelnik.com\/?page_id=2751\" title=\"Libushe - premi\u00e9ra 12. 8. 2025 - M\u011bln\u00edk\">Libushe - premi\u00e9ra 12. 8. 2025 - M\u011bln\u00edk<\/a><\/h3><div class=\"page-list-ext-item-content\">\nObnoven\u00e1 premi\u00e9ra legend\u00e1rn\u00edho muzik\u00e1lu Libushe v r\u00e1mci MEKUC v l\u00e9t\u011b nesp\u00ed. \n\n\n\nFoto: Ing. Josef Havel \n\n\n\n\n  \n\n\n\n  \n\n\n\n  \n\n\n\n  \n\n\n\n  \n\n\n\n  \n\n\n\n  \n\n\n\n  \n\n\n\n  \n\n\n\n  \n\n\n\n  \n\n\n\n  \n\n\n\n  \n\n\n\n  \n\n\n\n  \n\n\n\n  \n\n\n\n  \n\n\n\n  \n\n\n\n  \n\n\n\n  \n\n\n\n  \n\n\n\n  \n\n\n\n  \n\n\n\n  \n...<\/div><\/div>\n<div class=\"page-list-ext-item\"><div class=\"page-list-ext-image\"><a href=\"http:\/\/novedivadlomelnik.com\/?page_id=2846\" title=\"Trest\u00e1n\u00ed nepoctiv\u00fdch \u0159emesln\u00edk\u016f - M\u011blnick\u00e9 vinobran\u00ed 2025\"><img src=\"http:\/\/novedivadlomelnik.com\/wp-content\/uploads\/2025\/10\/12_Machani_1-150x150.jpg\" width=\"150\" alt=\"Trest\u00e1n\u00ed nepoctiv\u00fdch \u0159emesln\u00edk\u016f - M\u011blnick\u00e9 vinobran\u00ed 2025\" \/><\/a><\/div> <h3 class=\"page-list-ext-title\"><a href=\"http:\/\/novedivadlomelnik.com\/?page_id=2846\" title=\"Trest\u00e1n\u00ed nepoctiv\u00fdch \u0159emesln\u00edk\u016f - M\u011blnick\u00e9 vinobran\u00ed 2025\">Trest\u00e1n\u00ed nepoctiv\u00fdch \u0159emesln\u00edk\u016f - M\u011blnick\u00e9 vinobran\u00ed 2025<\/a><\/h3><div class=\"page-list-ext-item-content\">\nTradi\u010dn\u00ed ned\u011bln\u00ed sc\u00e9nka v r\u00e1mci M\u011blnick\u00e9ho vinobran\u00ed.  \n\n\n\nFoto: Ing. Josef Havel \n\n\n\n\n  \n\n\n\n  \n\n\n\n  \n\n\n\n  \n\n\n\n  \n\n\n\n  \n\n\n\n  \n\n\n\n  \n\n\n\n  \n\n\n\n  \n\n\n\n  \n\n\n\n  \n\n\n\n  \n \n<\/div><\/div>\n<div class=\"page-list-ext-item\"><div class=\"page-list-ext-image\"><a href=\"http:\/\/novedivadlomelnik.com\/?page_id=2832\" title=\"V\u00edt\u00e1n\u00ed kr\u00e1le Karla IV. - M\u011blnick\u00e9 vinobran\u00ed 2025\"><img src=\"http:\/\/novedivadlomelnik.com\/wp-content\/uploads\/2025\/10\/7_Karel-150x150.jpg\" width=\"150\" alt=\"V\u00edt\u00e1n\u00ed kr\u00e1le Karla IV. - M\u011blnick\u00e9 vinobran\u00ed 2025\" \/><\/a><\/div> <h3 class=\"page-list-ext-title\"><a href=\"http:\/\/novedivadlomelnik.com\/?page_id=2832\" title=\"V\u00edt\u00e1n\u00ed kr\u00e1le Karla IV. - M\u011blnick\u00e9 vinobran\u00ed 2025\">V\u00edt\u00e1n\u00ed kr\u00e1le Karla IV. - M\u011blnick\u00e9 vinobran\u00ed 2025<\/a><\/h3><div class=\"page-list-ext-item-content\">\nTradi\u010dn\u00ed sc\u00e9nka v\u00edt\u00e1n\u00ed kr\u00e1le Karla IV. na Hlavn\u00ed sc\u00e9n\u011b na M\u011blnick\u00e9m vinobran\u00ed.  \n\n\n\nFoto: Ing. Josef Havel \n\n\n\n\n  \n\n\n\n  \n\n\n\n  \n\n\n\n  \n\n\n\n  \n\n\n\n  \n\n\n\n  \n\n\n\n  \n\n\n\n  \n\n\n\n  \n\n\n\n  \n\n\n\n  \n \n<\/div><\/div>\n<div class=\"page-list-ext-item\"><div class=\"page-list-ext-image\"><a href=\"http:\/\/novedivadlomelnik.com\/?page_id=2812\" title=\"Zp\u00edv\u00e1n\u00ed Ko\u010di\u010dek - Vinobran\u00ed 2025\"><img src=\"http:\/\/novedivadlomelnik.com\/wp-content\/uploads\/2025\/10\/16_Kocky-150x150.jpg\" width=\"150\" alt=\"Zp\u00edv\u00e1n\u00ed Ko\u010di\u010dek - Vinobran\u00ed 2025\" \/><\/a><\/div> <h3 class=\"page-list-ext-title\"><a href=\"http:\/\/novedivadlomelnik.com\/?page_id=2812\" title=\"Zp\u00edv\u00e1n\u00ed Ko\u010di\u010dek - Vinobran\u00ed 2025\">Zp\u00edv\u00e1n\u00ed Ko\u010di\u010dek - Vinobran\u00ed 2025<\/a><\/h3><div class=\"page-list-ext-item-content\">\nVystoupen\u00ed d\u011bt\u00ed z p\u0159ipravovan\u00e9ho muzik\u00e1lu Kocourek Modroo\u010dko na Z\u00e1meck\u00e9 sc\u00e9n\u011b M\u011blnick\u00e9ho vinobran\u00ed. \n\n\n\nFoto: Ing. Josef Havel \n\n\n\n\n  \n\n\n\n  \n\n\n\n  \n\n\n\n  \n\n\n\n  \n\n\n\n  \n\n\n\n  \n\n\n\n  \n\n\n\n  \n\n\n\n  \n\n\n\n  \n\n\n\n  \n\n\n\n  \n\n\n\n  \n\n\n\n  \n\n\n\n  \n\n\n\n  \n\n\n\n  \n \n...<\/div><\/div>\n\n<\/div>\n\n\n\n<hr class=\"wp-block-separator has-alpha-channel-opacity\"\/>\n\n\n\n<h3>STAR\u0160\u00cd fotografie Z NA\u0160ICH HER A AKC\u00cd najdete na tomto odkazu:<\/h3>\n\n\n\n<p><a href=\"https:\/\/novedivadlomelnik.rajce.idnes.cz\/\">https:\/\/novedivadlomelnik.rajce.idnes.cz\/<\/a><\/p>\n\n\n\n<h2>&nbsp;<\/h2>\n","protected":false},"excerpt":{"rendered":"<p> [&hellip;]<\/p>\n","protected":false},"author":1,"featured_media":2853,"parent":0,"menu_order":0,"comment_status":"closed","ping_status":"closed","template":"wp-custom-template-stranka","meta":{"_EventAllDay":false,"_EventTimezone":"","_EventStartDate":"","_EventEndDate":"","_EventStartDateUTC":"","_EventEndDateUTC":"","_EventShowMap":false,"_EventShowMapLink":false,"_EventURL":"","_EventCost":"","_EventCostDescription":"","_EventCurrencySymbol":"","_EventCurrencyCode":"","_EventCurrencyPosition":"","_EventDateTimeSeparator":"","_EventTimeRangeSeparator":"","_EventOrganizerID":[],"_EventVenueID":0,"_OrganizerEmail":"","_OrganizerPhone":"","_OrganizerWebsite":"","_VenueAddress":"","_VenueCity":"","_VenueCountry":"","_VenueProvince":"","_VenueZip":"","_VenuePhone":"","_VenueURL":"","_VenueStateProvince":"","_VenueLat":"","_VenueLng":""},"_links":{"self":[{"href":"http:\/\/novedivadlomelnik.com\/index.php?rest_route=\/wp\/v2\/pages\/7"}],"collection":[{"href":"http:\/\/novedivadlomelnik.com\/index.php?rest_route=\/wp\/v2\/pages"}],"about":[{"href":"http:\/\/novedivadlomelnik.com\/index.php?rest_route=\/wp\/v2\/types\/page"}],"author":[{"embeddable":true,"href":"http:\/\/novedivadlomelnik.com\/index.php?rest_route=\/wp\/v2\/users\/1"}],"replies":[{"embeddable":true,"href":"http:\/\/novedivadlomelnik.com\/index.php?rest_route=%2Fwp%2Fv2%2Fcomments&post=7"}],"version-history":[{"count":64,"href":"http:\/\/novedivadlomelnik.com\/index.php?rest_route=\/wp\/v2\/pages\/7\/revisions"}],"predecessor-version":[{"id":2867,"href":"http:\/\/novedivadlomelnik.com\/index.php?rest_route=\/wp\/v2\/pages\/7\/revisions\/2867"}],"wp:featuredmedia":[{"embeddable":true,"href":"http:\/\/novedivadlomelnik.com\/index.php?rest_route=\/wp\/v2\/media\/2853"}],"wp:attachment":[{"href":"http:\/\/novedivadlomelnik.com\/index.php?rest_route=%2Fwp%2Fv2%2Fmedia&parent=7"}],"curies":[{"name":"wp","href":"https:\/\/api.w.org\/{rel}","templated":true}]}}