{"id":2846,"date":"2025-10-03T14:51:08","date_gmt":"2025-10-03T13:51:08","guid":{"rendered":"https:\/\/novedivadlomelnik.com\/?page_id=2846"},"modified":"2025-10-03T14:51:08","modified_gmt":"2025-10-03T13:51:08","slug":"trestani-nepoctivych-remeslniku-melnicke-vinobrani-2025","status":"publish","type":"page","link":"http:\/\/novedivadlomelnik.com\/?page_id=2846","title":{"rendered":"Trest\u00e1n\u00ed nepoctiv\u00fdch \u0159emesln\u00edk\u016f &#8211; M\u011blnick\u00e9 vinobran\u00ed 2025"},"content":{"rendered":"\n<p>Tradi\u010dn\u00ed ned\u011bln\u00ed sc\u00e9nka v r\u00e1mci M\u011blnick\u00e9ho vinobran\u00ed. <\/p>\n\n\n\n<p>Foto: Ing. Josef Havel<\/p>\n\n\n\n<figure class=\"is-layout-flex wp-block-gallery-1 wp-block-gallery has-nested-images columns-3 is-cropped\">\n<figure class=\"wp-block-image size-large\"><a href=\"https:\/\/novedivadlomelnik.com\/wp-content\/uploads\/2025\/10\/10_Souzeni.jpg\" target=\"_blank\" rel=\"noopener\"><img decoding=\"async\" loading=\"lazy\" width=\"1024\" height=\"686\" data-id=\"2849\"  src=\"https:\/\/novedivadlomelnik.com\/wp-content\/uploads\/2025\/10\/10_Souzeni-1024x686.jpg\" alt=\"\" class=\"wp-image-2849\" srcset=\"http:\/\/novedivadlomelnik.com\/wp-content\/uploads\/2025\/10\/10_Souzeni-1024x686.jpg 1024w, http:\/\/novedivadlomelnik.com\/wp-content\/uploads\/2025\/10\/10_Souzeni-300x201.jpg 300w, http:\/\/novedivadlomelnik.com\/wp-content\/uploads\/2025\/10\/10_Souzeni-768x515.jpg 768w, http:\/\/novedivadlomelnik.com\/wp-content\/uploads\/2025\/10\/10_Souzeni.jpg 1200w\" sizes=\"(max-width: 1024px) 100vw, 1024px\" \/><\/a><\/figure>\n\n\n\n<figure class=\"wp-block-image size-large\"><a href=\"https:\/\/novedivadlomelnik.com\/wp-content\/uploads\/2025\/10\/11_Soud.jpg\" target=\"_blank\" rel=\"noopener\"><img decoding=\"async\" loading=\"lazy\" width=\"1024\" height=\"686\" data-id=\"2855\"  src=\"https:\/\/novedivadlomelnik.com\/wp-content\/uploads\/2025\/10\/11_Soud-1024x686.jpg\" alt=\"\" class=\"wp-image-2855\" srcset=\"http:\/\/novedivadlomelnik.com\/wp-content\/uploads\/2025\/10\/11_Soud-1024x686.jpg 1024w, http:\/\/novedivadlomelnik.com\/wp-content\/uploads\/2025\/10\/11_Soud-300x201.jpg 300w, http:\/\/novedivadlomelnik.com\/wp-content\/uploads\/2025\/10\/11_Soud-768x515.jpg 768w, http:\/\/novedivadlomelnik.com\/wp-content\/uploads\/2025\/10\/11_Soud.jpg 1200w\" sizes=\"(max-width: 1024px) 100vw, 1024px\" \/><\/a><\/figure>\n\n\n\n<figure class=\"wp-block-image size-large\"><a href=\"https:\/\/novedivadlomelnik.com\/wp-content\/uploads\/2025\/10\/12_Machani.jpg\" target=\"_blank\" rel=\"noopener\"><img decoding=\"async\" loading=\"lazy\" width=\"1024\" height=\"685\" data-id=\"2851\"  src=\"https:\/\/novedivadlomelnik.com\/wp-content\/uploads\/2025\/10\/12_Machani-1024x685.jpg\" alt=\"\" class=\"wp-image-2851\" srcset=\"http:\/\/novedivadlomelnik.com\/wp-content\/uploads\/2025\/10\/12_Machani-1024x685.jpg 1024w, http:\/\/novedivadlomelnik.com\/wp-content\/uploads\/2025\/10\/12_Machani-300x201.jpg 300w, http:\/\/novedivadlomelnik.com\/wp-content\/uploads\/2025\/10\/12_Machani-768x514.jpg 768w, http:\/\/novedivadlomelnik.com\/wp-content\/uploads\/2025\/10\/12_Machani.jpg 1200w\" sizes=\"(max-width: 1024px) 100vw, 1024px\" \/><\/a><\/figure>\n\n\n\n<figure class=\"wp-block-image size-large\"><a href=\"https:\/\/novedivadlomelnik.com\/wp-content\/uploads\/2025\/10\/12_Machani_1.jpg\" target=\"_blank\" rel=\"noopener\"><img decoding=\"async\" loading=\"lazy\" width=\"1024\" height=\"686\" data-id=\"2847\"  src=\"https:\/\/novedivadlomelnik.com\/wp-content\/uploads\/2025\/10\/12_Machani_1-1024x686.jpg\" alt=\"\" class=\"wp-image-2847\" srcset=\"http:\/\/novedivadlomelnik.com\/wp-content\/uploads\/2025\/10\/12_Machani_1-1024x686.jpg 1024w, http:\/\/novedivadlomelnik.com\/wp-content\/uploads\/2025\/10\/12_Machani_1-300x201.jpg 300w, http:\/\/novedivadlomelnik.com\/wp-content\/uploads\/2025\/10\/12_Machani_1-768x515.jpg 768w, http:\/\/novedivadlomelnik.com\/wp-content\/uploads\/2025\/10\/12_Machani_1.jpg 1200w\" sizes=\"(max-width: 1024px) 100vw, 1024px\" \/><\/a><\/figure>\n\n\n\n<figure class=\"wp-block-image size-large\"><a href=\"https:\/\/novedivadlomelnik.com\/wp-content\/uploads\/2025\/10\/12_Machani_2.jpg\" target=\"_blank\" rel=\"noopener\"><img decoding=\"async\" loading=\"lazy\" width=\"1024\" height=\"685\" data-id=\"2850\"  src=\"https:\/\/novedivadlomelnik.com\/wp-content\/uploads\/2025\/10\/12_Machani_2-1024x685.jpg\" alt=\"\" class=\"wp-image-2850\" srcset=\"http:\/\/novedivadlomelnik.com\/wp-content\/uploads\/2025\/10\/12_Machani_2-1024x685.jpg 1024w, http:\/\/novedivadlomelnik.com\/wp-content\/uploads\/2025\/10\/12_Machani_2-300x201.jpg 300w, http:\/\/novedivadlomelnik.com\/wp-content\/uploads\/2025\/10\/12_Machani_2-768x514.jpg 768w, http:\/\/novedivadlomelnik.com\/wp-content\/uploads\/2025\/10\/12_Machani_2.jpg 1200w\" sizes=\"(max-width: 1024px) 100vw, 1024px\" \/><\/a><\/figure>\n\n\n\n<figure class=\"wp-block-image size-large\"><a href=\"https:\/\/novedivadlomelnik.com\/wp-content\/uploads\/2025\/10\/13_Machani.jpg\" target=\"_blank\" rel=\"noopener\"><img decoding=\"async\" loading=\"lazy\" width=\"1024\" height=\"686\" data-id=\"2857\"  src=\"https:\/\/novedivadlomelnik.com\/wp-content\/uploads\/2025\/10\/13_Machani-1024x686.jpg\" alt=\"\" class=\"wp-image-2857\" srcset=\"http:\/\/novedivadlomelnik.com\/wp-content\/uploads\/2025\/10\/13_Machani-1024x686.jpg 1024w, http:\/\/novedivadlomelnik.com\/wp-content\/uploads\/2025\/10\/13_Machani-300x201.jpg 300w, http:\/\/novedivadlomelnik.com\/wp-content\/uploads\/2025\/10\/13_Machani-768x515.jpg 768w, http:\/\/novedivadlomelnik.com\/wp-content\/uploads\/2025\/10\/13_Machani.jpg 1200w\" sizes=\"(max-width: 1024px) 100vw, 1024px\" \/><\/a><\/figure>\n\n\n\n<figure class=\"wp-block-image size-large\"><a href=\"https:\/\/novedivadlomelnik.com\/wp-content\/uploads\/2025\/10\/15_Soud.jpg\" target=\"_blank\" rel=\"noopener\"><img decoding=\"async\" loading=\"lazy\" width=\"1024\" height=\"685\" data-id=\"2854\"  src=\"https:\/\/novedivadlomelnik.com\/wp-content\/uploads\/2025\/10\/15_Soud-1024x685.jpg\" alt=\"\" class=\"wp-image-2854\" srcset=\"http:\/\/novedivadlomelnik.com\/wp-content\/uploads\/2025\/10\/15_Soud-1024x685.jpg 1024w, http:\/\/novedivadlomelnik.com\/wp-content\/uploads\/2025\/10\/15_Soud-300x201.jpg 300w, http:\/\/novedivadlomelnik.com\/wp-content\/uploads\/2025\/10\/15_Soud-768x514.jpg 768w, http:\/\/novedivadlomelnik.com\/wp-content\/uploads\/2025\/10\/15_Soud.jpg 1200w\" sizes=\"(max-width: 1024px) 100vw, 1024px\" \/><\/a><\/figure>\n\n\n\n<figure class=\"wp-block-image size-large\"><a href=\"https:\/\/novedivadlomelnik.com\/wp-content\/uploads\/2025\/10\/1_Machani.jpg\" target=\"_blank\" rel=\"noopener\"><img decoding=\"async\" loading=\"lazy\" width=\"1024\" height=\"771\" data-id=\"2853\"  src=\"https:\/\/novedivadlomelnik.com\/wp-content\/uploads\/2025\/10\/1_Machani-1024x771.jpg\" alt=\"\" class=\"wp-image-2853\" srcset=\"http:\/\/novedivadlomelnik.com\/wp-content\/uploads\/2025\/10\/1_Machani-1024x771.jpg 1024w, http:\/\/novedivadlomelnik.com\/wp-content\/uploads\/2025\/10\/1_Machani-300x226.jpg 300w, http:\/\/novedivadlomelnik.com\/wp-content\/uploads\/2025\/10\/1_Machani-768x578.jpg 768w, http:\/\/novedivadlomelnik.com\/wp-content\/uploads\/2025\/10\/1_Machani.jpg 1196w\" sizes=\"(max-width: 1024px) 100vw, 1024px\" \/><\/a><\/figure>\n\n\n\n<figure class=\"wp-block-image size-large\"><a href=\"https:\/\/novedivadlomelnik.com\/wp-content\/uploads\/2025\/10\/2_Damy.jpg\" target=\"_blank\" rel=\"noopener\"><img decoding=\"async\" loading=\"lazy\" width=\"686\" height=\"1024\" data-id=\"2852\"  src=\"https:\/\/novedivadlomelnik.com\/wp-content\/uploads\/2025\/10\/2_Damy-686x1024.jpg\" alt=\"\" class=\"wp-image-2852\" srcset=\"http:\/\/novedivadlomelnik.com\/wp-content\/uploads\/2025\/10\/2_Damy-686x1024.jpg 686w, http:\/\/novedivadlomelnik.com\/wp-content\/uploads\/2025\/10\/2_Damy-201x300.jpg 201w, http:\/\/novedivadlomelnik.com\/wp-content\/uploads\/2025\/10\/2_Damy-768x1146.jpg 768w, http:\/\/novedivadlomelnik.com\/wp-content\/uploads\/2025\/10\/2_Damy.jpg 804w\" sizes=\"(max-width: 686px) 100vw, 686px\" \/><\/a><\/figure>\n\n\n\n<figure class=\"wp-block-image size-large\"><a href=\"https:\/\/novedivadlomelnik.com\/wp-content\/uploads\/2025\/10\/3_Souzeni.jpg\" target=\"_blank\" rel=\"noopener\"><img decoding=\"async\" loading=\"lazy\" width=\"1024\" height=\"685\" data-id=\"2856\"  src=\"https:\/\/novedivadlomelnik.com\/wp-content\/uploads\/2025\/10\/3_Souzeni-1024x685.jpg\" alt=\"\" class=\"wp-image-2856\" srcset=\"http:\/\/novedivadlomelnik.com\/wp-content\/uploads\/2025\/10\/3_Souzeni-1024x685.jpg 1024w, http:\/\/novedivadlomelnik.com\/wp-content\/uploads\/2025\/10\/3_Souzeni-300x201.jpg 300w, http:\/\/novedivadlomelnik.com\/wp-content\/uploads\/2025\/10\/3_Souzeni-768x514.jpg 768w, http:\/\/novedivadlomelnik.com\/wp-content\/uploads\/2025\/10\/3_Souzeni.jpg 1200w\" sizes=\"(max-width: 1024px) 100vw, 1024px\" \/><\/a><\/figure>\n\n\n\n<figure class=\"wp-block-image size-large\"><a href=\"https:\/\/novedivadlomelnik.com\/wp-content\/uploads\/2025\/10\/6_Damy.jpg\" target=\"_blank\" rel=\"noopener\"><img decoding=\"async\" loading=\"lazy\" width=\"1024\" height=\"685\" data-id=\"2848\"  src=\"https:\/\/novedivadlomelnik.com\/wp-content\/uploads\/2025\/10\/6_Damy-1024x685.jpg\" alt=\"\" class=\"wp-image-2848\" srcset=\"http:\/\/novedivadlomelnik.com\/wp-content\/uploads\/2025\/10\/6_Damy-1024x685.jpg 1024w, http:\/\/novedivadlomelnik.com\/wp-content\/uploads\/2025\/10\/6_Damy-300x201.jpg 300w, http:\/\/novedivadlomelnik.com\/wp-content\/uploads\/2025\/10\/6_Damy-768x514.jpg 768w, http:\/\/novedivadlomelnik.com\/wp-content\/uploads\/2025\/10\/6_Damy.jpg 1200w\" sizes=\"(max-width: 1024px) 100vw, 1024px\" \/><\/a><\/figure>\n\n\n\n<figure class=\"wp-block-image size-large\"><a href=\"https:\/\/novedivadlomelnik.com\/wp-content\/uploads\/2025\/10\/8_Soud.jpg\" target=\"_blank\" rel=\"noopener\"><img decoding=\"async\" loading=\"lazy\" width=\"1024\" height=\"685\" data-id=\"2858\"  src=\"https:\/\/novedivadlomelnik.com\/wp-content\/uploads\/2025\/10\/8_Soud-1024x685.jpg\" alt=\"\" class=\"wp-image-2858\" srcset=\"http:\/\/novedivadlomelnik.com\/wp-content\/uploads\/2025\/10\/8_Soud-1024x685.jpg 1024w, http:\/\/novedivadlomelnik.com\/wp-content\/uploads\/2025\/10\/8_Soud-300x201.jpg 300w, http:\/\/novedivadlomelnik.com\/wp-content\/uploads\/2025\/10\/8_Soud-768x514.jpg 768w, http:\/\/novedivadlomelnik.com\/wp-content\/uploads\/2025\/10\/8_Soud.jpg 1200w\" sizes=\"(max-width: 1024px) 100vw, 1024px\" \/><\/a><\/figure>\n\n\n\n<figure class=\"wp-block-image size-large\"><a href=\"https:\/\/novedivadlomelnik.com\/wp-content\/uploads\/2025\/10\/9_Kat.jpg\" target=\"_blank\" rel=\"noopener\"><img decoding=\"async\" loading=\"lazy\" width=\"1024\" height=\"686\" data-id=\"2859\"  src=\"https:\/\/novedivadlomelnik.com\/wp-content\/uploads\/2025\/10\/9_Kat-1024x686.jpg\" alt=\"\" class=\"wp-image-2859\" srcset=\"http:\/\/novedivadlomelnik.com\/wp-content\/uploads\/2025\/10\/9_Kat-1024x686.jpg 1024w, http:\/\/novedivadlomelnik.com\/wp-content\/uploads\/2025\/10\/9_Kat-300x201.jpg 300w, http:\/\/novedivadlomelnik.com\/wp-content\/uploads\/2025\/10\/9_Kat-768x515.jpg 768w, http:\/\/novedivadlomelnik.com\/wp-content\/uploads\/2025\/10\/9_Kat.jpg 1200w\" sizes=\"(max-width: 1024px) 100vw, 1024px\" \/><\/a><\/figure>\n<\/figure>\n","protected":false},"excerpt":{"rendered":"<p> [&hellip;]<\/p>\n","protected":false},"author":1,"featured_media":2847,"parent":7,"menu_order":0,"comment_status":"closed","ping_status":"closed","template":"wp-custom-template-stranka","meta":{"_EventAllDay":false,"_EventTimezone":"","_EventStartDate":"","_EventEndDate":"","_EventStartDateUTC":"","_EventEndDateUTC":"","_EventShowMap":false,"_EventShowMapLink":false,"_EventURL":"","_EventCost":"","_EventCostDescription":"","_EventCurrencySymbol":"","_EventCurrencyCode":"","_EventCurrencyPosition":"","_EventDateTimeSeparator":"","_EventTimeRangeSeparator":"","_EventOrganizerID":[],"_EventVenueID":0,"_OrganizerEmail":"","_OrganizerPhone":"","_OrganizerWebsite":"","_VenueAddress":"","_VenueCity":"","_VenueCountry":"","_VenueProvince":"","_VenueZip":"","_VenuePhone":"","_VenueURL":"","_VenueStateProvince":"","_VenueLat":"","_VenueLng":""},"_links":{"self":[{"href":"http:\/\/novedivadlomelnik.com\/index.php?rest_route=\/wp\/v2\/pages\/2846"}],"collection":[{"href":"http:\/\/novedivadlomelnik.com\/index.php?rest_route=\/wp\/v2\/pages"}],"about":[{"href":"http:\/\/novedivadlomelnik.com\/index.php?rest_route=\/wp\/v2\/types\/page"}],"author":[{"embeddable":true,"href":"http:\/\/novedivadlomelnik.com\/index.php?rest_route=\/wp\/v2\/users\/1"}],"replies":[{"embeddable":true,"href":"http:\/\/novedivadlomelnik.com\/index.php?rest_route=%2Fwp%2Fv2%2Fcomments&post=2846"}],"version-history":[{"count":1,"href":"http:\/\/novedivadlomelnik.com\/index.php?rest_route=\/wp\/v2\/pages\/2846\/revisions"}],"predecessor-version":[{"id":2860,"href":"http:\/\/novedivadlomelnik.com\/index.php?rest_route=\/wp\/v2\/pages\/2846\/revisions\/2860"}],"up":[{"embeddable":true,"href":"http:\/\/novedivadlomelnik.com\/index.php?rest_route=\/wp\/v2\/pages\/7"}],"wp:featuredmedia":[{"embeddable":true,"href":"http:\/\/novedivadlomelnik.com\/index.php?rest_route=\/wp\/v2\/media\/2847"}],"wp:attachment":[{"href":"http:\/\/novedivadlomelnik.com\/index.php?rest_route=%2Fwp%2Fv2%2Fmedia&parent=2846"}],"curies":[{"name":"wp","href":"https:\/\/api.w.org\/{rel}","templated":true}]}}