{"id":2832,"date":"2025-10-03T14:48:40","date_gmt":"2025-10-03T13:48:40","guid":{"rendered":"https:\/\/novedivadlomelnik.com\/?page_id=2832"},"modified":"2025-10-03T14:48:40","modified_gmt":"2025-10-03T13:48:40","slug":"vitani-krale-karla-iv-melnicke-vinobrani-2025","status":"publish","type":"page","link":"http:\/\/novedivadlomelnik.com\/?page_id=2832","title":{"rendered":"V\u00edt\u00e1n\u00ed kr\u00e1le Karla IV. &#8211; M\u011blnick\u00e9 vinobran\u00ed 2025"},"content":{"rendered":"\n<p>Tradi\u010dn\u00ed sc\u00e9nka v\u00edt\u00e1n\u00ed kr\u00e1le Karla IV. na Hlavn\u00ed sc\u00e9n\u011b na M\u011blnick\u00e9m vinobran\u00ed. <\/p>\n\n\n\n<p>Foto: Ing. Josef Havel<\/p>\n\n\n\n<figure class=\"is-layout-flex wp-block-gallery-1 wp-block-gallery has-nested-images columns-default is-cropped\">\n<figure class=\"wp-block-image size-large\"><a href=\"https:\/\/novedivadlomelnik.com\/wp-content\/uploads\/2025\/10\/7_Karel.jpg\" target=\"_blank\" rel=\"noopener\"><img decoding=\"async\" loading=\"lazy\" width=\"1024\" height=\"685\" data-id=\"2844\"  src=\"https:\/\/novedivadlomelnik.com\/wp-content\/uploads\/2025\/10\/7_Karel-1024x685.jpg\" alt=\"\" class=\"wp-image-2844\" srcset=\"http:\/\/novedivadlomelnik.com\/wp-content\/uploads\/2025\/10\/7_Karel-1024x685.jpg 1024w, http:\/\/novedivadlomelnik.com\/wp-content\/uploads\/2025\/10\/7_Karel-300x201.jpg 300w, http:\/\/novedivadlomelnik.com\/wp-content\/uploads\/2025\/10\/7_Karel-768x514.jpg 768w, http:\/\/novedivadlomelnik.com\/wp-content\/uploads\/2025\/10\/7_Karel.jpg 1200w\" sizes=\"(max-width: 1024px) 100vw, 1024px\" \/><\/a><\/figure>\n\n\n\n<figure class=\"wp-block-image size-large\"><a href=\"https:\/\/novedivadlomelnik.com\/wp-content\/uploads\/2025\/10\/1_Kral.jpg\" target=\"_blank\" rel=\"noopener\"><img decoding=\"async\" loading=\"lazy\" width=\"1024\" height=\"686\" data-id=\"2836\"  src=\"https:\/\/novedivadlomelnik.com\/wp-content\/uploads\/2025\/10\/1_Kral-1024x686.jpg\" alt=\"\" class=\"wp-image-2836\" srcset=\"http:\/\/novedivadlomelnik.com\/wp-content\/uploads\/2025\/10\/1_Kral-1024x686.jpg 1024w, http:\/\/novedivadlomelnik.com\/wp-content\/uploads\/2025\/10\/1_Kral-300x201.jpg 300w, http:\/\/novedivadlomelnik.com\/wp-content\/uploads\/2025\/10\/1_Kral-768x515.jpg 768w, http:\/\/novedivadlomelnik.com\/wp-content\/uploads\/2025\/10\/1_Kral.jpg 1200w\" sizes=\"(max-width: 1024px) 100vw, 1024px\" \/><\/a><\/figure>\n\n\n\n<figure class=\"wp-block-image size-large\"><a href=\"https:\/\/novedivadlomelnik.com\/wp-content\/uploads\/2025\/10\/2_Kral.jpg\" target=\"_blank\" rel=\"noopener\"><img decoding=\"async\" loading=\"lazy\" width=\"1024\" height=\"685\" data-id=\"2837\"  src=\"https:\/\/novedivadlomelnik.com\/wp-content\/uploads\/2025\/10\/2_Kral-1024x685.jpg\" alt=\"\" class=\"wp-image-2837\" srcset=\"http:\/\/novedivadlomelnik.com\/wp-content\/uploads\/2025\/10\/2_Kral-1024x685.jpg 1024w, http:\/\/novedivadlomelnik.com\/wp-content\/uploads\/2025\/10\/2_Kral-300x201.jpg 300w, http:\/\/novedivadlomelnik.com\/wp-content\/uploads\/2025\/10\/2_Kral-768x514.jpg 768w, http:\/\/novedivadlomelnik.com\/wp-content\/uploads\/2025\/10\/2_Kral.jpg 1200w\" sizes=\"(max-width: 1024px) 100vw, 1024px\" \/><\/a><\/figure>\n\n\n\n<figure class=\"wp-block-image size-large\"><a href=\"https:\/\/novedivadlomelnik.com\/wp-content\/uploads\/2025\/10\/3_Kral.jpg\" target=\"_blank\" rel=\"noopener\"><img decoding=\"async\" loading=\"lazy\" width=\"1024\" height=\"686\" data-id=\"2834\"  src=\"https:\/\/novedivadlomelnik.com\/wp-content\/uploads\/2025\/10\/3_Kral-1024x686.jpg\" alt=\"\" class=\"wp-image-2834\" srcset=\"http:\/\/novedivadlomelnik.com\/wp-content\/uploads\/2025\/10\/3_Kral-1024x686.jpg 1024w, http:\/\/novedivadlomelnik.com\/wp-content\/uploads\/2025\/10\/3_Kral-300x201.jpg 300w, http:\/\/novedivadlomelnik.com\/wp-content\/uploads\/2025\/10\/3_Kral-768x515.jpg 768w, http:\/\/novedivadlomelnik.com\/wp-content\/uploads\/2025\/10\/3_Kral.jpg 1200w\" sizes=\"(max-width: 1024px) 100vw, 1024px\" \/><\/a><\/figure>\n\n\n\n<figure class=\"wp-block-image size-large\"><a href=\"https:\/\/novedivadlomelnik.com\/wp-content\/uploads\/2025\/10\/4_Kral.jpg\" target=\"_blank\" rel=\"noopener\"><img decoding=\"async\" loading=\"lazy\" width=\"1024\" height=\"685\" data-id=\"2833\"  src=\"https:\/\/novedivadlomelnik.com\/wp-content\/uploads\/2025\/10\/4_Kral-1024x685.jpg\" alt=\"\" class=\"wp-image-2833\" srcset=\"http:\/\/novedivadlomelnik.com\/wp-content\/uploads\/2025\/10\/4_Kral-1024x685.jpg 1024w, http:\/\/novedivadlomelnik.com\/wp-content\/uploads\/2025\/10\/4_Kral-300x201.jpg 300w, http:\/\/novedivadlomelnik.com\/wp-content\/uploads\/2025\/10\/4_Kral-768x514.jpg 768w, http:\/\/novedivadlomelnik.com\/wp-content\/uploads\/2025\/10\/4_Kral.jpg 1200w\" sizes=\"(max-width: 1024px) 100vw, 1024px\" \/><\/a><\/figure>\n\n\n\n<figure class=\"wp-block-image size-large\"><a href=\"https:\/\/novedivadlomelnik.com\/wp-content\/uploads\/2025\/10\/5_Dvur_1.jpg\" target=\"_blank\" rel=\"noopener\"><img decoding=\"async\" loading=\"lazy\" width=\"1024\" height=\"685\" data-id=\"2835\"  src=\"https:\/\/novedivadlomelnik.com\/wp-content\/uploads\/2025\/10\/5_Dvur_1-1024x685.jpg\" alt=\"\" class=\"wp-image-2835\" srcset=\"http:\/\/novedivadlomelnik.com\/wp-content\/uploads\/2025\/10\/5_Dvur_1-1024x685.jpg 1024w, http:\/\/novedivadlomelnik.com\/wp-content\/uploads\/2025\/10\/5_Dvur_1-300x201.jpg 300w, http:\/\/novedivadlomelnik.com\/wp-content\/uploads\/2025\/10\/5_Dvur_1-768x514.jpg 768w, http:\/\/novedivadlomelnik.com\/wp-content\/uploads\/2025\/10\/5_Dvur_1.jpg 1200w\" sizes=\"(max-width: 1024px) 100vw, 1024px\" \/><\/a><\/figure>\n\n\n\n<figure class=\"wp-block-image size-large\"><a href=\"https:\/\/novedivadlomelnik.com\/wp-content\/uploads\/2025\/10\/8_Karel.jpg\" target=\"_blank\" rel=\"noopener\"><img decoding=\"async\" loading=\"lazy\" width=\"1024\" height=\"685\" data-id=\"2840\"  src=\"https:\/\/novedivadlomelnik.com\/wp-content\/uploads\/2025\/10\/8_Karel-1024x685.jpg\" alt=\"\" class=\"wp-image-2840\" srcset=\"http:\/\/novedivadlomelnik.com\/wp-content\/uploads\/2025\/10\/8_Karel-1024x685.jpg 1024w, http:\/\/novedivadlomelnik.com\/wp-content\/uploads\/2025\/10\/8_Karel-300x201.jpg 300w, http:\/\/novedivadlomelnik.com\/wp-content\/uploads\/2025\/10\/8_Karel-768x514.jpg 768w, http:\/\/novedivadlomelnik.com\/wp-content\/uploads\/2025\/10\/8_Karel.jpg 1200w\" sizes=\"(max-width: 1024px) 100vw, 1024px\" \/><\/a><\/figure>\n\n\n\n<figure class=\"wp-block-image size-large\"><a href=\"https:\/\/novedivadlomelnik.com\/wp-content\/uploads\/2025\/10\/9_Karel.jpg\" target=\"_blank\" rel=\"noopener\"><img decoding=\"async\" loading=\"lazy\" width=\"1024\" height=\"686\" data-id=\"2842\"  src=\"https:\/\/novedivadlomelnik.com\/wp-content\/uploads\/2025\/10\/9_Karel-1024x686.jpg\" alt=\"\" class=\"wp-image-2842\" srcset=\"http:\/\/novedivadlomelnik.com\/wp-content\/uploads\/2025\/10\/9_Karel-1024x686.jpg 1024w, http:\/\/novedivadlomelnik.com\/wp-content\/uploads\/2025\/10\/9_Karel-300x201.jpg 300w, http:\/\/novedivadlomelnik.com\/wp-content\/uploads\/2025\/10\/9_Karel-768x515.jpg 768w, http:\/\/novedivadlomelnik.com\/wp-content\/uploads\/2025\/10\/9_Karel.jpg 1200w\" sizes=\"(max-width: 1024px) 100vw, 1024px\" \/><\/a><\/figure>\n\n\n\n<figure class=\"wp-block-image size-large\"><a href=\"https:\/\/novedivadlomelnik.com\/wp-content\/uploads\/2025\/10\/11_Karel.jpg\" target=\"_blank\" rel=\"noopener\"><img decoding=\"async\" loading=\"lazy\" width=\"1024\" height=\"686\" data-id=\"2838\"  src=\"https:\/\/novedivadlomelnik.com\/wp-content\/uploads\/2025\/10\/11_Karel-1024x686.jpg\" alt=\"\" class=\"wp-image-2838\" srcset=\"http:\/\/novedivadlomelnik.com\/wp-content\/uploads\/2025\/10\/11_Karel-1024x686.jpg 1024w, http:\/\/novedivadlomelnik.com\/wp-content\/uploads\/2025\/10\/11_Karel-300x201.jpg 300w, http:\/\/novedivadlomelnik.com\/wp-content\/uploads\/2025\/10\/11_Karel-768x515.jpg 768w, http:\/\/novedivadlomelnik.com\/wp-content\/uploads\/2025\/10\/11_Karel.jpg 1200w\" sizes=\"(max-width: 1024px) 100vw, 1024px\" \/><\/a><\/figure>\n\n\n\n<figure class=\"wp-block-image size-large\"><a href=\"https:\/\/novedivadlomelnik.com\/wp-content\/uploads\/2025\/10\/12_Karel.jpg\" target=\"_blank\" rel=\"noopener\"><img decoding=\"async\" loading=\"lazy\" width=\"1024\" height=\"685\" data-id=\"2839\"  src=\"https:\/\/novedivadlomelnik.com\/wp-content\/uploads\/2025\/10\/12_Karel-1024x685.jpg\" alt=\"\" class=\"wp-image-2839\" srcset=\"http:\/\/novedivadlomelnik.com\/wp-content\/uploads\/2025\/10\/12_Karel-1024x685.jpg 1024w, http:\/\/novedivadlomelnik.com\/wp-content\/uploads\/2025\/10\/12_Karel-300x201.jpg 300w, http:\/\/novedivadlomelnik.com\/wp-content\/uploads\/2025\/10\/12_Karel-768x514.jpg 768w, http:\/\/novedivadlomelnik.com\/wp-content\/uploads\/2025\/10\/12_Karel.jpg 1200w\" sizes=\"(max-width: 1024px) 100vw, 1024px\" \/><\/a><\/figure>\n\n\n\n<figure class=\"wp-block-image size-large\"><a href=\"https:\/\/novedivadlomelnik.com\/wp-content\/uploads\/2025\/10\/13_Karel.jpg\" target=\"_blank\" rel=\"noopener\"><img decoding=\"async\" loading=\"lazy\" width=\"1024\" height=\"685\" data-id=\"2841\"  src=\"https:\/\/novedivadlomelnik.com\/wp-content\/uploads\/2025\/10\/13_Karel-1024x685.jpg\" alt=\"\" class=\"wp-image-2841\" srcset=\"http:\/\/novedivadlomelnik.com\/wp-content\/uploads\/2025\/10\/13_Karel-1024x685.jpg 1024w, http:\/\/novedivadlomelnik.com\/wp-content\/uploads\/2025\/10\/13_Karel-300x201.jpg 300w, http:\/\/novedivadlomelnik.com\/wp-content\/uploads\/2025\/10\/13_Karel-768x514.jpg 768w, http:\/\/novedivadlomelnik.com\/wp-content\/uploads\/2025\/10\/13_Karel.jpg 1200w\" sizes=\"(max-width: 1024px) 100vw, 1024px\" \/><\/a><\/figure>\n\n\n\n<figure class=\"wp-block-image size-large\"><a href=\"https:\/\/novedivadlomelnik.com\/wp-content\/uploads\/2025\/10\/14_Karel.jpg\" target=\"_blank\" rel=\"noopener\"><img decoding=\"async\" loading=\"lazy\" width=\"1024\" height=\"771\" data-id=\"2843\"  src=\"https:\/\/novedivadlomelnik.com\/wp-content\/uploads\/2025\/10\/14_Karel-1024x771.jpg\" alt=\"\" class=\"wp-image-2843\" srcset=\"http:\/\/novedivadlomelnik.com\/wp-content\/uploads\/2025\/10\/14_Karel-1024x771.jpg 1024w, http:\/\/novedivadlomelnik.com\/wp-content\/uploads\/2025\/10\/14_Karel-300x226.jpg 300w, http:\/\/novedivadlomelnik.com\/wp-content\/uploads\/2025\/10\/14_Karel-768x578.jpg 768w, http:\/\/novedivadlomelnik.com\/wp-content\/uploads\/2025\/10\/14_Karel.jpg 1196w\" sizes=\"(max-width: 1024px) 100vw, 1024px\" \/><\/a><\/figure>\n<\/figure>\n","protected":false},"excerpt":{"rendered":"<p> [&hellip;]<\/p>\n","protected":false},"author":1,"featured_media":2844,"parent":7,"menu_order":0,"comment_status":"closed","ping_status":"closed","template":"wp-custom-template-stranka","meta":{"_EventAllDay":false,"_EventTimezone":"","_EventStartDate":"","_EventEndDate":"","_EventStartDateUTC":"","_EventEndDateUTC":"","_EventShowMap":false,"_EventShowMapLink":false,"_EventURL":"","_EventCost":"","_EventCostDescription":"","_EventCurrencySymbol":"","_EventCurrencyCode":"","_EventCurrencyPosition":"","_EventDateTimeSeparator":"","_EventTimeRangeSeparator":"","_EventOrganizerID":[],"_EventVenueID":0,"_OrganizerEmail":"","_OrganizerPhone":"","_OrganizerWebsite":"","_VenueAddress":"","_VenueCity":"","_VenueCountry":"","_VenueProvince":"","_VenueZip":"","_VenuePhone":"","_VenueURL":"","_VenueStateProvince":"","_VenueLat":"","_VenueLng":""},"_links":{"self":[{"href":"http:\/\/novedivadlomelnik.com\/index.php?rest_route=\/wp\/v2\/pages\/2832"}],"collection":[{"href":"http:\/\/novedivadlomelnik.com\/index.php?rest_route=\/wp\/v2\/pages"}],"about":[{"href":"http:\/\/novedivadlomelnik.com\/index.php?rest_route=\/wp\/v2\/types\/page"}],"author":[{"embeddable":true,"href":"http:\/\/novedivadlomelnik.com\/index.php?rest_route=\/wp\/v2\/users\/1"}],"replies":[{"embeddable":true,"href":"http:\/\/novedivadlomelnik.com\/index.php?rest_route=%2Fwp%2Fv2%2Fcomments&post=2832"}],"version-history":[{"count":1,"href":"http:\/\/novedivadlomelnik.com\/index.php?rest_route=\/wp\/v2\/pages\/2832\/revisions"}],"predecessor-version":[{"id":2845,"href":"http:\/\/novedivadlomelnik.com\/index.php?rest_route=\/wp\/v2\/pages\/2832\/revisions\/2845"}],"up":[{"embeddable":true,"href":"http:\/\/novedivadlomelnik.com\/index.php?rest_route=\/wp\/v2\/pages\/7"}],"wp:featuredmedia":[{"embeddable":true,"href":"http:\/\/novedivadlomelnik.com\/index.php?rest_route=\/wp\/v2\/media\/2844"}],"wp:attachment":[{"href":"http:\/\/novedivadlomelnik.com\/index.php?rest_route=%2Fwp%2Fv2%2Fmedia&parent=2832"}],"curies":[{"name":"wp","href":"https:\/\/api.w.org\/{rel}","templated":true}]}}