{"id":2812,"date":"2025-10-03T14:46:21","date_gmt":"2025-10-03T13:46:21","guid":{"rendered":"https:\/\/novedivadlomelnik.com\/?page_id=2812"},"modified":"2025-10-03T14:52:33","modified_gmt":"2025-10-03T13:52:33","slug":"zpivani-kocicek-vinobrani-2025","status":"publish","type":"page","link":"http:\/\/novedivadlomelnik.com\/?page_id=2812","title":{"rendered":"Zp\u00edv\u00e1n\u00ed Ko\u010di\u010dek &#8211; Vinobran\u00ed 2025"},"content":{"rendered":"\n<p>Vystoupen\u00ed d\u011bt\u00ed z p\u0159ipravovan\u00e9ho muzik\u00e1lu Kocourek Modroo\u010dko na Z\u00e1meck\u00e9 sc\u00e9n\u011b M\u011blnick\u00e9ho vinobran\u00ed.<\/p>\n\n\n\n<p>Foto: Ing. Josef Havel<\/p>\n\n\n\n<figure class=\"is-layout-flex wp-block-gallery-1 wp-block-gallery has-nested-images columns-5 is-cropped\">\n<figure class=\"wp-block-image size-large\"><a href=\"https:\/\/novedivadlomelnik.com\/wp-content\/uploads\/2025\/10\/1_Kocky_1.jpg\" target=\"_blank\" rel=\"noopener\"><img decoding=\"async\" loading=\"lazy\" width=\"1024\" height=\"685\" data-id=\"2813\"  src=\"https:\/\/novedivadlomelnik.com\/wp-content\/uploads\/2025\/10\/1_Kocky_1-1024x685.jpg\" alt=\"\" class=\"wp-image-2813\" srcset=\"http:\/\/novedivadlomelnik.com\/wp-content\/uploads\/2025\/10\/1_Kocky_1-1024x685.jpg 1024w, http:\/\/novedivadlomelnik.com\/wp-content\/uploads\/2025\/10\/1_Kocky_1-300x201.jpg 300w, http:\/\/novedivadlomelnik.com\/wp-content\/uploads\/2025\/10\/1_Kocky_1-768x514.jpg 768w, http:\/\/novedivadlomelnik.com\/wp-content\/uploads\/2025\/10\/1_Kocky_1.jpg 1200w\" sizes=\"(max-width: 1024px) 100vw, 1024px\" \/><\/a><\/figure>\n\n\n\n<figure class=\"wp-block-image size-large\"><a href=\"https:\/\/novedivadlomelnik.com\/wp-content\/uploads\/2025\/10\/4_Kocky.jpg\" target=\"_blank\" rel=\"noopener\"><img decoding=\"async\" loading=\"lazy\" width=\"1024\" height=\"686\" data-id=\"2815\"  src=\"https:\/\/novedivadlomelnik.com\/wp-content\/uploads\/2025\/10\/4_Kocky-1024x686.jpg\" alt=\"\" class=\"wp-image-2815\" srcset=\"http:\/\/novedivadlomelnik.com\/wp-content\/uploads\/2025\/10\/4_Kocky-1024x686.jpg 1024w, http:\/\/novedivadlomelnik.com\/wp-content\/uploads\/2025\/10\/4_Kocky-300x201.jpg 300w, http:\/\/novedivadlomelnik.com\/wp-content\/uploads\/2025\/10\/4_Kocky-768x515.jpg 768w, http:\/\/novedivadlomelnik.com\/wp-content\/uploads\/2025\/10\/4_Kocky.jpg 1200w\" sizes=\"(max-width: 1024px) 100vw, 1024px\" \/><\/a><\/figure>\n\n\n\n<figure class=\"wp-block-image size-large\"><a href=\"https:\/\/novedivadlomelnik.com\/wp-content\/uploads\/2025\/10\/5_Kocky_2.jpg\" target=\"_blank\" rel=\"noopener\"><img decoding=\"async\" loading=\"lazy\" width=\"1024\" height=\"685\" data-id=\"2829\"  src=\"https:\/\/novedivadlomelnik.com\/wp-content\/uploads\/2025\/10\/5_Kocky_2-1024x685.jpg\" alt=\"\" class=\"wp-image-2829\" srcset=\"http:\/\/novedivadlomelnik.com\/wp-content\/uploads\/2025\/10\/5_Kocky_2-1024x685.jpg 1024w, http:\/\/novedivadlomelnik.com\/wp-content\/uploads\/2025\/10\/5_Kocky_2-300x201.jpg 300w, http:\/\/novedivadlomelnik.com\/wp-content\/uploads\/2025\/10\/5_Kocky_2-768x514.jpg 768w, http:\/\/novedivadlomelnik.com\/wp-content\/uploads\/2025\/10\/5_Kocky_2.jpg 1200w\" sizes=\"(max-width: 1024px) 100vw, 1024px\" \/><\/a><\/figure>\n\n\n\n<figure class=\"wp-block-image size-large\"><a href=\"https:\/\/novedivadlomelnik.com\/wp-content\/uploads\/2025\/10\/6_Kocky.jpg\" target=\"_blank\" rel=\"noopener\"><img decoding=\"async\" loading=\"lazy\" width=\"1024\" height=\"685\" data-id=\"2821\"  src=\"https:\/\/novedivadlomelnik.com\/wp-content\/uploads\/2025\/10\/6_Kocky-1024x685.jpg\" alt=\"\" class=\"wp-image-2821\" srcset=\"http:\/\/novedivadlomelnik.com\/wp-content\/uploads\/2025\/10\/6_Kocky-1024x685.jpg 1024w, http:\/\/novedivadlomelnik.com\/wp-content\/uploads\/2025\/10\/6_Kocky-300x201.jpg 300w, http:\/\/novedivadlomelnik.com\/wp-content\/uploads\/2025\/10\/6_Kocky-768x514.jpg 768w, http:\/\/novedivadlomelnik.com\/wp-content\/uploads\/2025\/10\/6_Kocky.jpg 1200w\" sizes=\"(max-width: 1024px) 100vw, 1024px\" \/><\/a><\/figure>\n\n\n\n<figure class=\"wp-block-image size-large\"><a href=\"https:\/\/novedivadlomelnik.com\/wp-content\/uploads\/2025\/10\/7_Kocky.jpg\" target=\"_blank\" rel=\"noopener\"><img decoding=\"async\" loading=\"lazy\" width=\"1024\" height=\"685\" data-id=\"2817\"  src=\"https:\/\/novedivadlomelnik.com\/wp-content\/uploads\/2025\/10\/7_Kocky-1024x685.jpg\" alt=\"\" class=\"wp-image-2817\" srcset=\"http:\/\/novedivadlomelnik.com\/wp-content\/uploads\/2025\/10\/7_Kocky-1024x685.jpg 1024w, http:\/\/novedivadlomelnik.com\/wp-content\/uploads\/2025\/10\/7_Kocky-300x201.jpg 300w, http:\/\/novedivadlomelnik.com\/wp-content\/uploads\/2025\/10\/7_Kocky-768x514.jpg 768w, http:\/\/novedivadlomelnik.com\/wp-content\/uploads\/2025\/10\/7_Kocky.jpg 1200w\" sizes=\"(max-width: 1024px) 100vw, 1024px\" \/><\/a><\/figure>\n\n\n\n<figure class=\"wp-block-image size-large\"><a href=\"https:\/\/novedivadlomelnik.com\/wp-content\/uploads\/2025\/10\/9_Kocky.jpg\" target=\"_blank\" rel=\"noopener\"><img decoding=\"async\" loading=\"lazy\" width=\"1024\" height=\"685\" data-id=\"2814\"  src=\"https:\/\/novedivadlomelnik.com\/wp-content\/uploads\/2025\/10\/9_Kocky-1024x685.jpg\" alt=\"\" class=\"wp-image-2814\" srcset=\"http:\/\/novedivadlomelnik.com\/wp-content\/uploads\/2025\/10\/9_Kocky-1024x685.jpg 1024w, http:\/\/novedivadlomelnik.com\/wp-content\/uploads\/2025\/10\/9_Kocky-300x201.jpg 300w, http:\/\/novedivadlomelnik.com\/wp-content\/uploads\/2025\/10\/9_Kocky-768x514.jpg 768w, http:\/\/novedivadlomelnik.com\/wp-content\/uploads\/2025\/10\/9_Kocky.jpg 1200w\" sizes=\"(max-width: 1024px) 100vw, 1024px\" \/><\/a><\/figure>\n\n\n\n<figure class=\"wp-block-image size-large\"><a href=\"https:\/\/novedivadlomelnik.com\/wp-content\/uploads\/2025\/10\/11_Kocky.jpg\" target=\"_blank\" rel=\"noopener\"><img decoding=\"async\" loading=\"lazy\" width=\"686\" height=\"1024\" data-id=\"2820\"  src=\"https:\/\/novedivadlomelnik.com\/wp-content\/uploads\/2025\/10\/11_Kocky-686x1024.jpg\" alt=\"\" class=\"wp-image-2820\" srcset=\"http:\/\/novedivadlomelnik.com\/wp-content\/uploads\/2025\/10\/11_Kocky-686x1024.jpg 686w, http:\/\/novedivadlomelnik.com\/wp-content\/uploads\/2025\/10\/11_Kocky-201x300.jpg 201w, http:\/\/novedivadlomelnik.com\/wp-content\/uploads\/2025\/10\/11_Kocky-768x1146.jpg 768w, http:\/\/novedivadlomelnik.com\/wp-content\/uploads\/2025\/10\/11_Kocky.jpg 804w\" sizes=\"(max-width: 686px) 100vw, 686px\" \/><\/a><\/figure>\n\n\n\n<figure class=\"wp-block-image size-large\"><a href=\"https:\/\/novedivadlomelnik.com\/wp-content\/uploads\/2025\/10\/12_Kocky.jpg\" target=\"_blank\" rel=\"noopener\"><img decoding=\"async\" loading=\"lazy\" width=\"1024\" height=\"686\" data-id=\"2816\"  src=\"https:\/\/novedivadlomelnik.com\/wp-content\/uploads\/2025\/10\/12_Kocky-1024x686.jpg\" alt=\"\" class=\"wp-image-2816\" srcset=\"http:\/\/novedivadlomelnik.com\/wp-content\/uploads\/2025\/10\/12_Kocky-1024x686.jpg 1024w, http:\/\/novedivadlomelnik.com\/wp-content\/uploads\/2025\/10\/12_Kocky-300x201.jpg 300w, http:\/\/novedivadlomelnik.com\/wp-content\/uploads\/2025\/10\/12_Kocky-768x515.jpg 768w, http:\/\/novedivadlomelnik.com\/wp-content\/uploads\/2025\/10\/12_Kocky.jpg 1200w\" sizes=\"(max-width: 1024px) 100vw, 1024px\" \/><\/a><\/figure>\n\n\n\n<figure class=\"wp-block-image size-large\"><a href=\"https:\/\/novedivadlomelnik.com\/wp-content\/uploads\/2025\/10\/14_Kocky.jpg\" target=\"_blank\" rel=\"noopener\"><img decoding=\"async\" loading=\"lazy\" width=\"1024\" height=\"686\" data-id=\"2818\"  src=\"https:\/\/novedivadlomelnik.com\/wp-content\/uploads\/2025\/10\/14_Kocky-1024x686.jpg\" alt=\"\" class=\"wp-image-2818\" srcset=\"http:\/\/novedivadlomelnik.com\/wp-content\/uploads\/2025\/10\/14_Kocky-1024x686.jpg 1024w, http:\/\/novedivadlomelnik.com\/wp-content\/uploads\/2025\/10\/14_Kocky-300x201.jpg 300w, http:\/\/novedivadlomelnik.com\/wp-content\/uploads\/2025\/10\/14_Kocky-768x515.jpg 768w, http:\/\/novedivadlomelnik.com\/wp-content\/uploads\/2025\/10\/14_Kocky.jpg 1200w\" sizes=\"(max-width: 1024px) 100vw, 1024px\" \/><\/a><\/figure>\n\n\n\n<figure class=\"wp-block-image size-large\"><a href=\"https:\/\/novedivadlomelnik.com\/wp-content\/uploads\/2025\/10\/15_Kocky.jpg\" target=\"_blank\" rel=\"noopener\"><img decoding=\"async\" loading=\"lazy\" width=\"1024\" height=\"686\" data-id=\"2822\"  src=\"https:\/\/novedivadlomelnik.com\/wp-content\/uploads\/2025\/10\/15_Kocky-1024x686.jpg\" alt=\"\" class=\"wp-image-2822\" srcset=\"http:\/\/novedivadlomelnik.com\/wp-content\/uploads\/2025\/10\/15_Kocky-1024x686.jpg 1024w, http:\/\/novedivadlomelnik.com\/wp-content\/uploads\/2025\/10\/15_Kocky-300x201.jpg 300w, http:\/\/novedivadlomelnik.com\/wp-content\/uploads\/2025\/10\/15_Kocky-768x515.jpg 768w, http:\/\/novedivadlomelnik.com\/wp-content\/uploads\/2025\/10\/15_Kocky.jpg 1200w\" sizes=\"(max-width: 1024px) 100vw, 1024px\" \/><\/a><\/figure>\n\n\n\n<figure class=\"wp-block-image size-large\"><a href=\"https:\/\/novedivadlomelnik.com\/wp-content\/uploads\/2025\/10\/16_Kocky.jpg\" target=\"_blank\" rel=\"noopener\"><img decoding=\"async\" loading=\"lazy\" width=\"1024\" height=\"686\" data-id=\"2828\"  src=\"https:\/\/novedivadlomelnik.com\/wp-content\/uploads\/2025\/10\/16_Kocky-1024x686.jpg\" alt=\"\" class=\"wp-image-2828\" srcset=\"http:\/\/novedivadlomelnik.com\/wp-content\/uploads\/2025\/10\/16_Kocky-1024x686.jpg 1024w, http:\/\/novedivadlomelnik.com\/wp-content\/uploads\/2025\/10\/16_Kocky-300x201.jpg 300w, http:\/\/novedivadlomelnik.com\/wp-content\/uploads\/2025\/10\/16_Kocky-768x515.jpg 768w, http:\/\/novedivadlomelnik.com\/wp-content\/uploads\/2025\/10\/16_Kocky.jpg 1200w\" sizes=\"(max-width: 1024px) 100vw, 1024px\" \/><\/a><\/figure>\n\n\n\n<figure class=\"wp-block-image size-large\"><a href=\"https:\/\/novedivadlomelnik.com\/wp-content\/uploads\/2025\/10\/18_Kocky.jpg\" target=\"_blank\" rel=\"noopener\"><img decoding=\"async\" loading=\"lazy\" width=\"1024\" height=\"685\" data-id=\"2825\"  src=\"https:\/\/novedivadlomelnik.com\/wp-content\/uploads\/2025\/10\/18_Kocky-1024x685.jpg\" alt=\"\" class=\"wp-image-2825\" srcset=\"http:\/\/novedivadlomelnik.com\/wp-content\/uploads\/2025\/10\/18_Kocky-1024x685.jpg 1024w, http:\/\/novedivadlomelnik.com\/wp-content\/uploads\/2025\/10\/18_Kocky-300x201.jpg 300w, http:\/\/novedivadlomelnik.com\/wp-content\/uploads\/2025\/10\/18_Kocky-768x514.jpg 768w, http:\/\/novedivadlomelnik.com\/wp-content\/uploads\/2025\/10\/18_Kocky.jpg 1200w\" sizes=\"(max-width: 1024px) 100vw, 1024px\" \/><\/a><\/figure>\n\n\n\n<figure class=\"wp-block-image size-large\"><a href=\"https:\/\/novedivadlomelnik.com\/wp-content\/uploads\/2025\/10\/20_Kocky.jpg\" target=\"_blank\" rel=\"noopener\"><img decoding=\"async\" loading=\"lazy\" width=\"1024\" height=\"685\" data-id=\"2824\"  src=\"https:\/\/novedivadlomelnik.com\/wp-content\/uploads\/2025\/10\/20_Kocky-1024x685.jpg\" alt=\"\" class=\"wp-image-2824\" srcset=\"http:\/\/novedivadlomelnik.com\/wp-content\/uploads\/2025\/10\/20_Kocky-1024x685.jpg 1024w, http:\/\/novedivadlomelnik.com\/wp-content\/uploads\/2025\/10\/20_Kocky-300x201.jpg 300w, http:\/\/novedivadlomelnik.com\/wp-content\/uploads\/2025\/10\/20_Kocky-768x514.jpg 768w, http:\/\/novedivadlomelnik.com\/wp-content\/uploads\/2025\/10\/20_Kocky.jpg 1200w\" sizes=\"(max-width: 1024px) 100vw, 1024px\" \/><\/a><\/figure>\n\n\n\n<figure class=\"wp-block-image size-large\"><a href=\"https:\/\/novedivadlomelnik.com\/wp-content\/uploads\/2025\/10\/22_Kocky.jpg\" target=\"_blank\" rel=\"noopener\"><img decoding=\"async\" loading=\"lazy\" width=\"1024\" height=\"685\" data-id=\"2823\"  src=\"https:\/\/novedivadlomelnik.com\/wp-content\/uploads\/2025\/10\/22_Kocky-1024x685.jpg\" alt=\"\" class=\"wp-image-2823\" srcset=\"http:\/\/novedivadlomelnik.com\/wp-content\/uploads\/2025\/10\/22_Kocky-1024x685.jpg 1024w, http:\/\/novedivadlomelnik.com\/wp-content\/uploads\/2025\/10\/22_Kocky-300x201.jpg 300w, http:\/\/novedivadlomelnik.com\/wp-content\/uploads\/2025\/10\/22_Kocky-768x514.jpg 768w, http:\/\/novedivadlomelnik.com\/wp-content\/uploads\/2025\/10\/22_Kocky.jpg 1200w\" sizes=\"(max-width: 1024px) 100vw, 1024px\" \/><\/a><\/figure>\n\n\n\n<figure class=\"wp-block-image size-large\"><a href=\"https:\/\/novedivadlomelnik.com\/wp-content\/uploads\/2025\/10\/23_Kocky.jpg\" target=\"_blank\" rel=\"noopener\"><img decoding=\"async\" loading=\"lazy\" width=\"1024\" height=\"686\" data-id=\"2826\"  src=\"https:\/\/novedivadlomelnik.com\/wp-content\/uploads\/2025\/10\/23_Kocky-1024x686.jpg\" alt=\"\" class=\"wp-image-2826\" srcset=\"http:\/\/novedivadlomelnik.com\/wp-content\/uploads\/2025\/10\/23_Kocky-1024x686.jpg 1024w, http:\/\/novedivadlomelnik.com\/wp-content\/uploads\/2025\/10\/23_Kocky-300x201.jpg 300w, http:\/\/novedivadlomelnik.com\/wp-content\/uploads\/2025\/10\/23_Kocky-768x515.jpg 768w, http:\/\/novedivadlomelnik.com\/wp-content\/uploads\/2025\/10\/23_Kocky.jpg 1200w\" sizes=\"(max-width: 1024px) 100vw, 1024px\" \/><\/a><\/figure>\n\n\n\n<figure class=\"wp-block-image size-large\"><a href=\"https:\/\/novedivadlomelnik.com\/wp-content\/uploads\/2025\/10\/25_Kocky.jpg\" target=\"_blank\" rel=\"noopener\"><img decoding=\"async\" loading=\"lazy\" width=\"1024\" height=\"685\" data-id=\"2827\"  src=\"https:\/\/novedivadlomelnik.com\/wp-content\/uploads\/2025\/10\/25_Kocky-1024x685.jpg\" alt=\"\" class=\"wp-image-2827\" srcset=\"http:\/\/novedivadlomelnik.com\/wp-content\/uploads\/2025\/10\/25_Kocky-1024x685.jpg 1024w, http:\/\/novedivadlomelnik.com\/wp-content\/uploads\/2025\/10\/25_Kocky-300x201.jpg 300w, http:\/\/novedivadlomelnik.com\/wp-content\/uploads\/2025\/10\/25_Kocky-768x514.jpg 768w, http:\/\/novedivadlomelnik.com\/wp-content\/uploads\/2025\/10\/25_Kocky.jpg 1200w\" sizes=\"(max-width: 1024px) 100vw, 1024px\" \/><\/a><\/figure>\n\n\n\n<figure class=\"wp-block-image size-large\"><a href=\"https:\/\/novedivadlomelnik.com\/wp-content\/uploads\/2025\/10\/26_kocka._1jpg.jpg\" target=\"_blank\" rel=\"noopener\"><img decoding=\"async\" loading=\"lazy\" width=\"686\" height=\"1024\" data-id=\"2819\"  src=\"https:\/\/novedivadlomelnik.com\/wp-content\/uploads\/2025\/10\/26_kocka._1jpg-686x1024.jpg\" alt=\"\" class=\"wp-image-2819\" srcset=\"http:\/\/novedivadlomelnik.com\/wp-content\/uploads\/2025\/10\/26_kocka._1jpg-686x1024.jpg 686w, http:\/\/novedivadlomelnik.com\/wp-content\/uploads\/2025\/10\/26_kocka._1jpg-201x300.jpg 201w, http:\/\/novedivadlomelnik.com\/wp-content\/uploads\/2025\/10\/26_kocka._1jpg-768x1146.jpg 768w, http:\/\/novedivadlomelnik.com\/wp-content\/uploads\/2025\/10\/26_kocka._1jpg.jpg 804w\" sizes=\"(max-width: 686px) 100vw, 686px\" \/><\/a><\/figure>\n\n\n\n<figure class=\"wp-block-image size-large\"><a href=\"https:\/\/novedivadlomelnik.com\/wp-content\/uploads\/2025\/10\/28_Kocky.jpg\" target=\"_blank\" rel=\"noopener\"><img decoding=\"async\" loading=\"lazy\" width=\"1024\" height=\"685\" data-id=\"2830\"  src=\"https:\/\/novedivadlomelnik.com\/wp-content\/uploads\/2025\/10\/28_Kocky-1024x685.jpg\" alt=\"\" class=\"wp-image-2830\" srcset=\"http:\/\/novedivadlomelnik.com\/wp-content\/uploads\/2025\/10\/28_Kocky-1024x685.jpg 1024w, http:\/\/novedivadlomelnik.com\/wp-content\/uploads\/2025\/10\/28_Kocky-300x201.jpg 300w, http:\/\/novedivadlomelnik.com\/wp-content\/uploads\/2025\/10\/28_Kocky-768x514.jpg 768w, http:\/\/novedivadlomelnik.com\/wp-content\/uploads\/2025\/10\/28_Kocky.jpg 1200w\" sizes=\"(max-width: 1024px) 100vw, 1024px\" \/><\/a><\/figure>\n<\/figure>\n","protected":false},"excerpt":{"rendered":"<p> [&hellip;]<\/p>\n","protected":false},"author":1,"featured_media":2828,"parent":7,"menu_order":0,"comment_status":"closed","ping_status":"closed","template":"wp-custom-template-stranka","meta":{"_EventAllDay":false,"_EventTimezone":"","_EventStartDate":"","_EventEndDate":"","_EventStartDateUTC":"","_EventEndDateUTC":"","_EventShowMap":false,"_EventShowMapLink":false,"_EventURL":"","_EventCost":"","_EventCostDescription":"","_EventCurrencySymbol":"","_EventCurrencyCode":"","_EventCurrencyPosition":"","_EventDateTimeSeparator":"","_EventTimeRangeSeparator":"","_EventOrganizerID":[],"_EventVenueID":0,"_OrganizerEmail":"","_OrganizerPhone":"","_OrganizerWebsite":"","_VenueAddress":"","_VenueCity":"","_VenueCountry":"","_VenueProvince":"","_VenueZip":"","_VenuePhone":"","_VenueURL":"","_VenueStateProvince":"","_VenueLat":"","_VenueLng":""},"_links":{"self":[{"href":"http:\/\/novedivadlomelnik.com\/index.php?rest_route=\/wp\/v2\/pages\/2812"}],"collection":[{"href":"http:\/\/novedivadlomelnik.com\/index.php?rest_route=\/wp\/v2\/pages"}],"about":[{"href":"http:\/\/novedivadlomelnik.com\/index.php?rest_route=\/wp\/v2\/types\/page"}],"author":[{"embeddable":true,"href":"http:\/\/novedivadlomelnik.com\/index.php?rest_route=\/wp\/v2\/users\/1"}],"replies":[{"embeddable":true,"href":"http:\/\/novedivadlomelnik.com\/index.php?rest_route=%2Fwp%2Fv2%2Fcomments&post=2812"}],"version-history":[{"count":2,"href":"http:\/\/novedivadlomelnik.com\/index.php?rest_route=\/wp\/v2\/pages\/2812\/revisions"}],"predecessor-version":[{"id":2862,"href":"http:\/\/novedivadlomelnik.com\/index.php?rest_route=\/wp\/v2\/pages\/2812\/revisions\/2862"}],"up":[{"embeddable":true,"href":"http:\/\/novedivadlomelnik.com\/index.php?rest_route=\/wp\/v2\/pages\/7"}],"wp:featuredmedia":[{"embeddable":true,"href":"http:\/\/novedivadlomelnik.com\/index.php?rest_route=\/wp\/v2\/media\/2828"}],"wp:attachment":[{"href":"http:\/\/novedivadlomelnik.com\/index.php?rest_route=%2Fwp%2Fv2%2Fmedia&parent=2812"}],"curies":[{"name":"wp","href":"https:\/\/api.w.org\/{rel}","templated":true}]}}