{"id":1360,"date":"2016-10-17T19:40:33","date_gmt":"2016-10-17T18:40:33","guid":{"rendered":"http:\/\/novedivadlomelnik.com\/?page_id=1360"},"modified":"2025-03-17T10:59:35","modified_gmt":"2025-03-17T09:59:35","slug":"libushe","status":"publish","type":"page","link":"http:\/\/novedivadlomelnik.com\/?page_id=1360","title":{"rendered":"Libushe 2011"},"content":{"rendered":"<p><a href=\"http:\/\/novedivadlomelnik.com\/wp-content\/uploads\/2012\/07\/libushe.jpg\"><img decoding=\"async\" loading=\"lazy\" class=\"alignright size-full wp-image-505\" style=\"border: 6px solid white;\" title=\"libushe\" src=\"http:\/\/novedivadlomelnik.com\/wp-content\/uploads\/2012\/07\/libushe.jpg\" alt=\"\" width=\"338\" height=\"226\" srcset=\"http:\/\/novedivadlomelnik.com\/wp-content\/uploads\/2012\/07\/libushe.jpg 470w, http:\/\/novedivadlomelnik.com\/wp-content\/uploads\/2012\/07\/libushe-300x200.jpg 300w\" sizes=\"(max-width: 338px) 100vw, 338px\" \/><\/a><\/p>\n<p style=\"text-align: right;\">Hudba, texty p\u00edsn\u00ed, n\u00e1m\u011bt: <strong>Radek \u0160langal<\/strong><\/p>\n<p style=\"text-align: right;\">Re\u017eie: <strong>Milada Hlu\u0161t\u00edkov\u00e1<\/strong><\/p>\n<p style=\"text-align: right;\">Kost\u00fdmy: <strong>Anna Oppitzov\u00e1<\/strong><\/p>\n<p style=\"text-align: right;\">Zvuk: <strong>Jaroslav Mat\u011bjka<\/strong><\/p>\n<p style=\"text-align: right;\">Choreografie: <strong>ing. Olina \u0160est\u00e1kov\u00e1<\/strong><\/p>\n<hr style=\"text-align: right;\">\n<p style=\"text-align: right;\">Premi\u00e9ry: <span style=\"color: #ff0000;\"><strong>7. listopadu 2011 v 10.00 a 19.30 hodin<\/strong><\/span><\/p>\n<hr>\n<p style=\"text-align: right;\"><em><span style=\"font-size: medium;\">Hra na motivy Star\u00fdch pov\u011bst\u00ed \u010desk\u00fdch<\/span><\/em><\/p>\n<hr>\n<table style=\"height: 471px;\" width=\"555\">\n<tbody>\n<tr>\n<td>\n<h1><span style=\"color: #993300;\">HRAJ\u00cd<\/span><\/h1>\n<\/td>\n<td><\/td>\n<\/tr>\n<tr>\n<td>\n<h4>Libushe, strom<\/h4>\n<\/td>\n<td>\n<h4><span style=\"color: #993300;\"><strong>Marta Vesel\u00e1 \/<em>Ad\u00e9la Kummerov\u00e1<\/em><\/strong><\/span><\/h4>\n<\/td>\n<\/tr>\n<tr>\n<td>\n<h4>Kazi, Kandid\u00e1t 1<\/h4>\n<\/td>\n<td>\n<h4><span style=\"color: #993300;\"><strong>Pavel Syrov\u00fd<\/strong><\/span><\/h4>\n<\/td>\n<\/tr>\n<tr>\n<td>\n<h4>Teta, Zem\u011bd\u011blkyn\u011b 1<\/h4>\n<\/td>\n<td>\n<h4><span style=\"color: #993300;\"><strong>Zde\u0148ka Smutn\u00e1 \/ Marta Vesel\u00e1<\/strong><\/span><\/h4>\n<\/td>\n<\/tr>\n<tr>\n<td>\n<h4>Kandid\u00e1t 2, Panzerfaust, Bodyguard 2, DJ<\/h4>\n<\/td>\n<td>\n<h4><span style=\"color: #993300;\"><strong>Ji\u0159\u00ed Buri\u00e1nek<\/strong><\/span><\/h4>\n<\/td>\n<\/tr>\n<tr>\n<td>\n<h4>Kanec<\/h4>\n<\/td>\n<td>\n<h4><span style=\"color: #993300;\"><strong>Radek \u0160langal (d\u0159\u00edve Daniel \u0160imek)<\/strong><\/span><\/h4>\n<\/td>\n<\/tr>\n<tr>\n<td>\n<h4>Bivoj<\/h4>\n<\/td>\n<td>\n<h4><span style=\"color: #993300;\"><strong>Ond\u0159ej Dvo\u0159\u00e1\u010dek<\/strong><\/span><\/h4>\n<\/td>\n<\/tr>\n<tr>\n<td>\n<h4>R\u016f\u017ea, Zem\u011bd\u011blkyn\u011b 2<\/h4>\n<\/td>\n<td>\n<h4><span style=\"color: #993300;\"><strong>Krist\u00fdna Mil\u010d\u00ednsk\u00e1<\/strong><\/span><\/h4>\n<\/td>\n<\/tr>\n<tr>\n<td>\n<h4>Posel, Harry, Bodyguard 1<\/h4>\n<\/td>\n<td>\n<h4><span style=\"color: #993300;\"><strong>Miroslav Kej\u0159<\/strong><\/span><\/h4>\n<\/td>\n<\/tr>\n<tr>\n<td>\n<h4>D\u00edt\u011b<\/h4>\n<\/td>\n<td>\n<h4><span style=\"color: #993300;\"><strong>Jana \u010cambalov\u00e1 \/ Ad\u00e9la Je\u0159\u00e1bkov\u00e1 \/ Krist\u00fdna \u0160onsk\u00e1<\/strong><\/span><\/h4>\n<\/td>\n<\/tr>\n<tr>\n<td>\n<h4>Hlavn\u00ed Amazonka<\/h4>\n<\/td>\n<td>\n<h4><span style=\"color: #993300;\"><strong>Milada Hlu\u0161t\u00edkov\u00e1 \/ Ad\u00e9la Havl\u00e1kov\u00e1<\/strong><\/span><\/h4>\n<\/td>\n<\/tr>\n<tr>\n<td>\n<h4><em>&#8230;a mnoho dal\u0161\u00edch<\/em><\/h4>\n<\/td>\n<td><\/td>\n<\/tr>\n<tr>\n<td><\/td>\n<td><\/td>\n<\/tr>\n<\/tbody>\n<\/table>\n<p class=\"western\">D\u011bti z&nbsp;d\u011btsk\u00e9 \u010d\u00e1sti souboru s&nbsp;u\u010ditelsk\u00fdm dozorem Martiny Klementov\u00e9 \/ 12-15 d\u011bt\u00ed \/<\/p>\n<p class=\"western\">xxxxxx<\/p>\n<p class=\"western\">Autorem muzik\u00e1lu je \u010dlen DS ND M\u011bln\u00edk, Radek \u0160langal. P\u016fvodn\u011b byl muzik\u00e1l ur\u010den pro \u0161koln\u00ed akademii na ukon\u010den\u00ed \u0161koln\u00edho roku. Autor ho nastudoval s&nbsp;d\u011btmi ze z\u00e1kladn\u00ed \u0161koly&nbsp;kde u\u010d\u00ed. Pot\u00e9 ho p\u0159evzal n\u00e1\u0161 divadeln\u00ed spolek.<\/p>\n<p class=\"western\">Muzik\u00e1l je skv\u011bl\u00e1 studentsk\u00e1 h\u0159\u00ed\u010dka, napsan\u00e1 velice, velice voln\u011b, na motivy Star\u00fdch pov\u011bst\u00ed \u010desk\u00fdch. Ps\u00e1na je jazykem dne\u0161n\u00edho \u2026.n\u00e1ctilet\u00e9ho st\u0159edo\u0161kol\u00e1ka. Je pln\u00fd skv\u011bl\u00fdch p\u00edsni\u010dek, p\u016fvodn\u00ed hudby, v\u011bt\u0161ina textu je ps\u00e1na ve ver\u0161\u00edch. Hraje, zp\u00edv\u00e1 a tan\u010d\u00ed p\u0159es dvacet \u010dlen\u016f DS Nov\u00e9 divadlo M\u011bln\u00edk ve v\u011bku od 12 do 23 let a t\u0159i \u017eeny ve v\u011bku \u2026\u2026..let.<\/p>\n<p class=\"western\">D\u011bj n\u00e1s zavede na Vy\u0161ehrad, t\u011bsn\u011b po smrti kn\u00ed\u017eete Kroka. Vl\u00e1dy se uj\u00edm\u00e1 kn\u011b\u017ena Libushe .<\/p>\n<p class=\"western\">Na hradi\u0161t\u011b p\u0159ijedou i jej\u00ed sestry Kazi a Teta. Bivoj se utk\u00e1 s&nbsp;kancem. Za horou \u0158\u00edp \u010d\u00edh\u00e1 kmen Amazonek, kter\u00e9 se chystaj\u00ed k&nbsp;boji. Na star\u00e9m Vy\u0161ehrad\u011b plyne \u017eivot sv\u00fdm tempem, stejn\u011b jako dnes, tam usiluj\u00ed mu\u017ei o p\u0159\u00edze\u0148 \u017een a \u017eeny o p\u0159\u00edze\u0148 mu\u017e\u016f, stejn\u011b jako dnes, se bojuje o moc a vl\u00e1du, lid\u00e9 se miluj\u00ed a ha\u0161te\u0159\u00ed, n\u011bkdo je dobr\u00fd, n\u011bkdo zl\u00fd\u2026..<\/p>\n<p class=\"western\">Muzik\u00e1l trv\u00e1 dv\u011b hodiny, kter\u00e9 ute\u010dou jako nic, proto\u017ee jsou pln\u00e9 sm\u00edchu a uvoln\u011bn\u00ed a dobr\u00e9 n\u00e1lady.<\/p>\n<p class=\"western\">P\u0159ejeme v\u0161em div\u00e1k\u016fm, aby se bavili stejn\u011b dob\u0159e, jako ti, kte\u0159\u00ed ji\u017e na\u0161e d\u00edlko vid\u011blo&nbsp;\/ n\u011bkte\u0159\u00ed i t\u0159ikr\u00e1t \/.<\/p>\n<p class=\"western\">O na\u0161em p\u0159edstaven\u00ed si m\u016f\u017eete tak\u00e9 p\u0159e\u010d\u00edst v tisku nap\u0159. tady:&nbsp;<a href=\"http:\/\/melnicky.denik.cz\/kultura_region\/milada-hlustikova-jsem-do-libushe-zamilovana-musim-tu-hru-porad-chvalit-20120425.html\">http:\/\/melnicky.denik.cz\/kultura_region\/milada-hlustikova-jsem-do-libushe-zamilovana-musim-tu-hru-porad-chvalit-20120425.html<\/a><\/p>\n<p class=\"western\">Milada Hlu\u0161t\u00edkov\u00e1<\/p>\n<p class=\"western\">Dal\u0161\u00ed fotografie nap\u0159. <a href=\"http:\/\/www.rajce.net\/a13214740\">ZDE<\/a>, <a href=\"http:\/\/www.rajce.net\/a13187767\">ZDE<\/a> nebo&nbsp;<a href=\"http:\/\/www.rajce.net\/a13858416\">ZDE<\/a><\/p>\n<h2><object width=\"425\" height=\"350\" classid=\"clsid:d27cdb6e-ae6d-11cf-96b8-444553540000\" codebase=\"http:\/\/download.macromedia.com\/pub\/shockwave\/cabs\/flash\/swflash.cab#version=6,0,40,0\"><param name=\"src\" value=\"http:\/\/www.youtube.com\/v\/yrAJXcVc0sc\"><embed type=\"application\/x-shockwave-flash\" width=\"425\" height=\"350\" src=\"http:\/\/www.youtube.com\/v\/yrAJXcVc0sc\"><\/object><\/h2>\n<h2>[nggallery id=11]<\/h2>\n","protected":false},"excerpt":{"rendered":"<p> [&hellip;]<\/p>\n","protected":false},"author":1,"featured_media":0,"parent":9,"menu_order":0,"comment_status":"closed","ping_status":"closed","template":"","meta":{"_EventAllDay":false,"_EventTimezone":"","_EventStartDate":"","_EventEndDate":"","_EventStartDateUTC":"","_EventEndDateUTC":"","_EventShowMap":false,"_EventShowMapLink":false,"_EventURL":"","_EventCost":"","_EventCostDescription":"","_EventCurrencySymbol":"","_EventCurrencyCode":"","_EventCurrencyPosition":"","_EventDateTimeSeparator":"","_EventTimeRangeSeparator":"","_EventOrganizerID":[],"_EventVenueID":0,"_OrganizerEmail":"","_OrganizerPhone":"","_OrganizerWebsite":"","_VenueAddress":"","_VenueCity":"","_VenueCountry":"","_VenueProvince":"","_VenueZip":"","_VenuePhone":"","_VenueURL":"","_VenueStateProvince":"","_VenueLat":"","_VenueLng":""},"_links":{"self":[{"href":"http:\/\/novedivadlomelnik.com\/index.php?rest_route=\/wp\/v2\/pages\/1360"}],"collection":[{"href":"http:\/\/novedivadlomelnik.com\/index.php?rest_route=\/wp\/v2\/pages"}],"about":[{"href":"http:\/\/novedivadlomelnik.com\/index.php?rest_route=\/wp\/v2\/types\/page"}],"author":[{"embeddable":true,"href":"http:\/\/novedivadlomelnik.com\/index.php?rest_route=\/wp\/v2\/users\/1"}],"replies":[{"embeddable":true,"href":"http:\/\/novedivadlomelnik.com\/index.php?rest_route=%2Fwp%2Fv2%2Fcomments&post=1360"}],"version-history":[{"count":11,"href":"http:\/\/novedivadlomelnik.com\/index.php?rest_route=\/wp\/v2\/pages\/1360\/revisions"}],"predecessor-version":[{"id":2646,"href":"http:\/\/novedivadlomelnik.com\/index.php?rest_route=\/wp\/v2\/pages\/1360\/revisions\/2646"}],"up":[{"embeddable":true,"href":"http:\/\/novedivadlomelnik.com\/index.php?rest_route=\/wp\/v2\/pages\/9"}],"wp:attachment":[{"href":"http:\/\/novedivadlomelnik.com\/index.php?rest_route=%2Fwp%2Fv2%2Fmedia&parent=1360"}],"curies":[{"name":"wp","href":"https:\/\/api.w.org\/{rel}","templated":true}]}}