{"id":1357,"date":"2016-10-17T19:39:33","date_gmt":"2016-10-17T18:39:33","guid":{"rendered":"http:\/\/novedivadlomelnik.com\/?page_id=1357"},"modified":"2016-10-17T19:39:33","modified_gmt":"2016-10-17T18:39:33","slug":"kvet-zapomneni","status":"publish","type":"page","link":"http:\/\/novedivadlomelnik.com\/?page_id=1357","title":{"rendered":"Kv\u011bt zapomn\u011bn\u00ed"},"content":{"rendered":"<p style=\"text-align: right;\"><img decoding=\"async\" loading=\"lazy\" class=\"alignright size-full wp-image-942\" style=\"border: 6px solid white;\" src=\"http:\/\/novedivadlomelnik.com\/wp-content\/uploads\/2014\/01\/DSC_2336.jpg\" alt=\"\" width=\"389\" height=\"260\" \/>N\u00e1m\u011bt \u00a0a re\u017eie: <strong>Milada Hlu\u0161t\u00edkov\u00e1<br \/>\n<\/strong><\/p>\n<p style=\"text-align: right;\"><strong>Hudba a texty p\u00edsn\u00ed:<\/strong><strong> Radek \u0160langal<\/strong><\/p>\n<p style=\"text-align: right;\">Zvuk: <strong>Jaroslav Mat\u011bjka<\/strong><\/p>\n<p style=\"text-align: right;\">Sv\u011btla: <strong>Daniel \u0160imek<\/strong><\/p>\n<hr style=\"text-align: right;\" \/>\n<p style=\"text-align: right;\">Premi\u00e9ra: <span style=\"color: #ff0000;\"><strong>2. \u010dervna 2013 ve 14.00<\/strong><\/span><\/p>\n<hr \/>\n<p style=\"text-align: right;\"><span style=\"font-size: small;\"><em>Hudebn\u00ed poh\u00e1dka<\/em><\/span><\/p>\n<hr \/>\n<table style=\"height: 471px;\" width=\"555\">\n<tbody>\n<tr>\n<td>\n<h1><span style=\"color: #993300;\">HRAJ\u00cd<\/span><\/h1>\n<\/td>\n<td><\/td>\n<\/tr>\n<tr>\n<td>\n<h4>Princezna Betynka<\/h4>\n<\/td>\n<td>\n<h4><span style=\"color: #993300;\"><strong><em>Ad\u00e9la Kummerov\u00e1<\/em><\/strong><\/span><\/h4>\n<\/td>\n<\/tr>\n<tr>\n<td>\n<h4>\u0160a\u0161ek 1<\/h4>\n<\/td>\n<td>\n<h4><span style=\"color: #993300;\"><strong>Pavel Syrov\u00fd<\/strong><\/span><\/h4>\n<\/td>\n<\/tr>\n<tr>\n<td>\n<h4>\u0160a\u0161ek 2<\/h4>\n<\/td>\n<td>\n<h4><span style=\"color: #993300;\"><strong>Tom\u00e1\u0161 G\u00e1l<\/strong><\/span><\/h4>\n<\/td>\n<\/tr>\n<tr>\n<td>\n<h4>Princ Dobyvatel<\/h4>\n<\/td>\n<td>\n<h4><span style=\"color: #993300;\"><strong>Ji\u0159\u00ed Buri\u00e1nek<\/strong><\/span><\/h4>\n<\/td>\n<\/tr>\n<tr>\n<td>\n<h4>Kr\u00e1l<\/h4>\n<\/td>\n<td>\n<h4><span style=\"color: #993300;\">Pavel Roboch<\/span><\/h4>\n<\/td>\n<\/tr>\n<tr>\n<td>\n<h4>Dvorn\u00ed d\u00e1ma<\/h4>\n<\/td>\n<td>\n<h4><span style=\"color: #993300;\"><strong>Zde\u0148ka Smutn\u00e1 (alt. Marta Vesel\u00e1)<\/strong><\/span><\/h4>\n<\/td>\n<\/tr>\n<tr>\n<td>\n<h4>Kr\u00e1lovna vil<\/h4>\n<\/td>\n<td>\n<h4><span style=\"color: #993300;\"><strong>Martina Klementov\u00e1<\/strong><\/span><\/h4>\n<\/td>\n<\/tr>\n<tr>\n<td>\n<h4>Dvorn\u00ed d\u00e1ma, v\u00edla, d\u011bv\u010de 1<\/h4>\n<\/td>\n<td>\n<h4><span style=\"color: #993300;\"><strong>Brigita Klementov\u00e1<\/strong><\/span><\/h4>\n<\/td>\n<\/tr>\n<tr>\n<td>\n<h4>Dvorn\u00ed d\u00e1ma, v\u00edla, d\u011bv\u010de 2<\/h4>\n<\/td>\n<td>\n<h4><span style=\"color: #993300;\">Zdena Prchl\u00e1<\/span><\/h4>\n<\/td>\n<\/tr>\n<tr>\n<td>\n<h4>Zahradn\u00edk<\/h4>\n<\/td>\n<td>\n<h4><span style=\"color: #993300;\"><strong>Miroslav Kej\u0159<\/strong><\/span><\/h4>\n<\/td>\n<\/tr>\n<tr>\n<td>\n<h4><em>&#8230;a mnoho dal\u0161\u00edch<\/em><\/h4>\n<\/td>\n<td><\/td>\n<\/tr>\n<tr>\n<td><\/td>\n<td><\/td>\n<\/tr>\n<\/tbody>\n<\/table>\n","protected":false},"excerpt":{"rendered":"<p> [&hellip;]<\/p>\n","protected":false},"author":1,"featured_media":0,"parent":9,"menu_order":0,"comment_status":"closed","ping_status":"closed","template":"","meta":{"_EventAllDay":false,"_EventTimezone":"","_EventStartDate":"","_EventEndDate":"","_EventStartDateUTC":"","_EventEndDateUTC":"","_EventShowMap":false,"_EventShowMapLink":false,"_EventURL":"","_EventCost":"","_EventCostDescription":"","_EventCurrencySymbol":"","_EventCurrencyCode":"","_EventCurrencyPosition":"","_EventDateTimeSeparator":"","_EventTimeRangeSeparator":"","_EventOrganizerID":[],"_EventVenueID":0,"_OrganizerEmail":"","_OrganizerPhone":"","_OrganizerWebsite":"","_VenueAddress":"","_VenueCity":"","_VenueCountry":"","_VenueProvince":"","_VenueZip":"","_VenuePhone":"","_VenueURL":"","_VenueStateProvince":"","_VenueLat":"","_VenueLng":""},"_links":{"self":[{"href":"http:\/\/novedivadlomelnik.com\/index.php?rest_route=\/wp\/v2\/pages\/1357"}],"collection":[{"href":"http:\/\/novedivadlomelnik.com\/index.php?rest_route=\/wp\/v2\/pages"}],"about":[{"href":"http:\/\/novedivadlomelnik.com\/index.php?rest_route=\/wp\/v2\/types\/page"}],"author":[{"embeddable":true,"href":"http:\/\/novedivadlomelnik.com\/index.php?rest_route=\/wp\/v2\/users\/1"}],"replies":[{"embeddable":true,"href":"http:\/\/novedivadlomelnik.com\/index.php?rest_route=%2Fwp%2Fv2%2Fcomments&post=1357"}],"version-history":[{"count":1,"href":"http:\/\/novedivadlomelnik.com\/index.php?rest_route=\/wp\/v2\/pages\/1357\/revisions"}],"predecessor-version":[{"id":1358,"href":"http:\/\/novedivadlomelnik.com\/index.php?rest_route=\/wp\/v2\/pages\/1357\/revisions\/1358"}],"up":[{"embeddable":true,"href":"http:\/\/novedivadlomelnik.com\/index.php?rest_route=\/wp\/v2\/pages\/9"}],"wp:attachment":[{"href":"http:\/\/novedivadlomelnik.com\/index.php?rest_route=%2Fwp%2Fv2%2Fmedia&parent=1357"}],"curies":[{"name":"wp","href":"https:\/\/api.w.org\/{rel}","templated":true}]}}