{"id":1349,"date":"2016-10-17T18:18:15","date_gmt":"2016-10-17T17:18:15","guid":{"rendered":"http:\/\/novedivadlomelnik.com\/?page_id=1349"},"modified":"2018-05-16T11:55:38","modified_gmt":"2018-05-16T10:55:38","slug":"teticky","status":"publish","type":"page","link":"http:\/\/novedivadlomelnik.com\/?page_id=1349","title":{"rendered":"Teti\u010dky (Jezinky Bezinky)"},"content":{"rendered":"<p style=\"text-align: right;\"><img decoding=\"async\" loading=\"lazy\" class=\"alignright size-large wp-image-581\" style=\"border: 6px solid white;\" title=\"Nov\u00e9 divadlo M\u011bln\u00edk - Teti\u010dky\" src=\"http:\/\/img21.rajce.idnes.cz\/d2103\/11\/11581\/11581919_a2599b549e3d25ff6362980bf50b70d2\/images\/memoadivadlo147.jpg?ver=0\" alt=\"\" width=\"368\" height=\"247\" \/>Autor: <strong><span class=\"st\">Joseph Kesselring<\/span><\/strong><\/p>\n<p style=\"text-align: right;\">Re\u017eie: <strong>Ivan Neubauer<br \/>\n<\/strong><\/p>\n<p style=\"text-align: right;\">Kost\u00fdmy a sc\u00e9na:<strong>\u00a0A. Oppitzov\u00e1, I. Neubauer<\/strong><\/p>\n<hr style=\"text-align: right;\" \/>\n<p style=\"text-align: right;\">Premi\u00e9ra:\u00a0<span style=\"color: #ff0000;\"><strong>21. kv\u011btna 2015 v 19.00<\/strong><\/span><\/p>\n<hr \/>\n<p style=\"text-align: right;\"><em><span style=\"font-size: medium;\">\u010cern\u00e1 komedie<\/span><\/em><\/p>\n<hr \/>\n<table width=\"555\">\n<tbody>\n<tr>\n<td>\n<h1><span style=\"color: #993300;\">HRAJ\u00cd<\/span><\/h1>\n<\/td>\n<td><\/td>\n<\/tr>\n<tr>\n<td>\n<h4>Abby Brewsterov\u00e1<\/h4>\n<\/td>\n<td>\n<h4><span style=\"color: #800000;\">Milada Hlu\u0161t\u00edkov\u00e1<\/span><\/h4>\n<\/td>\n<\/tr>\n<tr>\n<td>\n<h4>Marta Brewsterov\u00e1<\/h4>\n<\/td>\n<td>\n<h4><span style=\"color: #800000;\">Anna Oppitzov\u00e1<\/span><\/h4>\n<\/td>\n<\/tr>\n<tr>\n<td>\n<h4>Mortimer Brewster<\/h4>\n<\/td>\n<td>\n<h4><span style=\"color: #800000;\">Martin Ben\u00ed\u0161ek<\/span><\/h4>\n<\/td>\n<\/tr>\n<tr>\n<td>\n<h4>Jonatan Brewster<\/h4>\n<\/td>\n<td>\n<h4><span style=\"color: #800000;\">Pavel Roboch<\/span><\/h4>\n<\/td>\n<\/tr>\n<tr>\n<td>\n<h4>Teddy Brewster<\/h4>\n<\/td>\n<td>\n<h4><span style=\"color: #800000;\">Miroslav Hoke\u0161<\/span><\/h4>\n<\/td>\n<\/tr>\n<tr>\n<td>\n<h4>Elena Harpov\u00e1<\/h4>\n<\/td>\n<td>\n<h4><span style=\"color: #800000;\">Renata \u0160im\u00e1kov\u00e1<\/span><\/h4>\n<\/td>\n<\/tr>\n<tr>\n<td>\n<h4>str\u00e1\u017en\u00edk O\u00b4Harov\u00e1<\/h4>\n<\/td>\n<td>\n<h4><span style=\"color: #800000;\">Mirka Struneck\u00e1<\/span><\/h4>\n<\/td>\n<\/tr>\n<tr>\n<td>\n<h4>str\u00e1\u017en\u00edk Brophy<\/h4>\n<\/td>\n<td>\n<h4><span style=\"color: #800000;\">Jaroslav Brynda<\/span><\/h4>\n<\/td>\n<\/tr>\n<tr>\n<td>\n<h4>Dr. Einstein<\/h4>\n<\/td>\n<td>\n<h4><span style=\"color: #800000;\">Ji\u0159\u00ed Rajman<\/span><\/h4>\n<\/td>\n<\/tr>\n<tr>\n<td>\n<h4>komisa\u0159 Rooney<\/h4>\n<\/td>\n<td>\n<h4><span style=\"color: #800000;\">Lubo\u0161 \u010cern\u00fd<\/span><\/h4>\n<\/td>\n<\/tr>\n<tr>\n<td>\n<h4>pan Witherspoon<\/h4>\n<\/td>\n<td>\n<h4><span style=\"color: #800000;\">Luk\u00e1\u0161 Nov\u00e1k<br \/>\n<\/span><\/h4>\n<\/td>\n<\/tr>\n<tr>\n<td><\/td>\n<td><\/td>\n<\/tr>\n<\/tbody>\n<\/table>\n<hr \/>\n<h1><span style=\"color: #993300;\">N\u011bkolik slov o h\u0159e:<\/span><\/h1>\n<p>Tajemn\u00fd p\u0159\u00edb\u011bh s a\u017e detektivn\u00ed z\u00e1pletkou, ve kter\u00e9m nechyb\u00ed laskavost, l\u00e1ska, bl\u00e1znovstv\u00ed i nebezpe\u010d\u00ed v podob\u011b smrti v dobr\u00e9m \u00famyslu, Tak n\u011bjak by se dala popsat divadeln\u00ed komedie Jezinky a bezinky, kterou Nov\u00e9 divadlo M\u011bln\u00edk uv\u00e1d\u00ed pod n\u00e1zvem Teti\u010dky.<\/p>\n<p>\u00dasp\u011b\u0161n\u00e9 p\u0159edstaven\u00ed u\u017e nav\u0161t\u00edvilo spoustu divadeln\u00edch jevi\u0161\u0165 a je\u0161t\u011b spousta jich tohle z\u00e1bavn\u00e9 i nap\u00ednav\u00e9 p\u0159edstaven\u00ed hostit bude. D\u00edky jeho oblib\u011b si Nov\u00e9 divadlo prodlou\u017eilo platnost licence aby v\u00e1m v\u0161em mohlo p\u0159in\u00e9st kopu z\u00e1bavy p\u0159i jeho produkc\u00edch.<\/p>\n<p>Tak nev\u00e1hejte a p\u0159ij\u010fte se tak\u00e9 pobavit. Ale pozor na to, co pijete&#8230;<\/p>\n<hr \/>\n<p><center><br \/>\n<iframe loading=\"lazy\" src=\"http:\/\/www.rajce.net\/a11581919\/mini?bgcolor=&amp;photoNameVisible=0\" name=\"rajce-net\" width=\"356\" height=\"356\" frameborder=\"0\" scrolling=\"no\"><\/iframe><\/center><\/p>\n","protected":false},"excerpt":{"rendered":"<p> [&hellip;]<\/p>\n","protected":false},"author":1,"featured_media":0,"parent":9,"menu_order":0,"comment_status":"closed","ping_status":"closed","template":"","meta":{"_EventAllDay":false,"_EventTimezone":"","_EventStartDate":"","_EventEndDate":"","_EventStartDateUTC":"","_EventEndDateUTC":"","_EventShowMap":false,"_EventShowMapLink":false,"_EventURL":"","_EventCost":"","_EventCostDescription":"","_EventCurrencySymbol":"","_EventCurrencyCode":"","_EventCurrencyPosition":"","_EventDateTimeSeparator":"","_EventTimeRangeSeparator":"","_EventOrganizerID":[],"_EventVenueID":0,"_OrganizerEmail":"","_OrganizerPhone":"","_OrganizerWebsite":"","_VenueAddress":"","_VenueCity":"","_VenueCountry":"","_VenueProvince":"","_VenueZip":"","_VenuePhone":"","_VenueURL":"","_VenueStateProvince":"","_VenueLat":"","_VenueLng":""},"_links":{"self":[{"href":"http:\/\/novedivadlomelnik.com\/index.php?rest_route=\/wp\/v2\/pages\/1349"}],"collection":[{"href":"http:\/\/novedivadlomelnik.com\/index.php?rest_route=\/wp\/v2\/pages"}],"about":[{"href":"http:\/\/novedivadlomelnik.com\/index.php?rest_route=\/wp\/v2\/types\/page"}],"author":[{"embeddable":true,"href":"http:\/\/novedivadlomelnik.com\/index.php?rest_route=\/wp\/v2\/users\/1"}],"replies":[{"embeddable":true,"href":"http:\/\/novedivadlomelnik.com\/index.php?rest_route=%2Fwp%2Fv2%2Fcomments&post=1349"}],"version-history":[{"count":9,"href":"http:\/\/novedivadlomelnik.com\/index.php?rest_route=\/wp\/v2\/pages\/1349\/revisions"}],"predecessor-version":[{"id":2590,"href":"http:\/\/novedivadlomelnik.com\/index.php?rest_route=\/wp\/v2\/pages\/1349\/revisions\/2590"}],"up":[{"embeddable":true,"href":"http:\/\/novedivadlomelnik.com\/index.php?rest_route=\/wp\/v2\/pages\/9"}],"wp:attachment":[{"href":"http:\/\/novedivadlomelnik.com\/index.php?rest_route=%2Fwp%2Fv2%2Fmedia&parent=1349"}],"curies":[{"name":"wp","href":"https:\/\/api.w.org\/{rel}","templated":true}]}}