{"id":1346,"date":"2016-10-17T18:15:08","date_gmt":"2016-10-17T17:15:08","guid":{"rendered":"http:\/\/novedivadlomelnik.com\/?page_id=1346"},"modified":"2024-08-02T11:46:57","modified_gmt":"2024-08-02T10:46:57","slug":"seherezada","status":"publish","type":"page","link":"http:\/\/novedivadlomelnik.com\/?page_id=1346","title":{"rendered":"\u0160eherez\u00e1da"},"content":{"rendered":"\n<figure class=\"wp-block-image alignright size-large is-resized\"><a href=\"http:\/\/novedivadlomelnik.com\/wp-content\/uploads\/2024\/08\/IMG_6693.jpg\"><img decoding=\"async\" loading=\"lazy\" src=\"http:\/\/novedivadlomelnik.com\/wp-content\/uploads\/2024\/08\/IMG_6693-1024x683.jpg\" alt=\"\" class=\"wp-image-2594\" width=\"368\" height=\"245\" srcset=\"http:\/\/novedivadlomelnik.com\/wp-content\/uploads\/2024\/08\/IMG_6693-1024x683.jpg 1024w, http:\/\/novedivadlomelnik.com\/wp-content\/uploads\/2024\/08\/IMG_6693-300x200.jpg 300w, http:\/\/novedivadlomelnik.com\/wp-content\/uploads\/2024\/08\/IMG_6693-768x512.jpg 768w, http:\/\/novedivadlomelnik.com\/wp-content\/uploads\/2024\/08\/IMG_6693.jpg 1200w\" sizes=\"(max-width: 368px) 100vw, 368px\" \/><\/a><\/figure>\n\n\n<p style=\"text-align: center;\">Re\u017eie: <strong>Milada Hlu\u0161t\u00edkov\u00e1, Radek \u0160langal<\/strong><\/p>\n<p style=\"text-align: center;\">Kost\u00fdmy a sc\u00e9na:<strong>\u00a0Adriana Rohde Kabele<\/strong><\/p>\n<p style=\"text-align: center;\">Autor hudby a textu:<strong> Radek \u0160langal<\/strong><\/p>\n<p style=\"text-align: center;\">Choreografie:<strong> Ad\u00e9la Je\u0159\u00e1bkov\u00e1<\/strong><\/p>\n<p style=\"text-align: center;\">Sc\u00e9na:<strong> Milada Hlu\u0161t\u00edkov\u00e1, Ivan Neubauer<\/strong><\/p>\n<hr style=\"text-align: right;\" \/>\n<p style=\"text-align: center;\">Premi\u00e9ra:\u00a0<span style=\"color: #ff0000;\"><strong>21. ledna 2016 v 19.00<\/strong><\/span><\/p>\n<hr \/>\n<p style=\"text-align: center;\"><em><span style=\"font-size: medium;\">Autorsk\u00fd muzik\u00e1l<\/span><\/em><\/p>\n<hr \/>\n<table>\n<tbody>\n<tr>\n<td><a href=\"http:\/\/novedivadlomelnik.com\/wp-content\/uploads\/2016\/04\/Seherezada-plakat.jpg\"><img decoding=\"async\" class=\"size-large wp-image-1261 aligncenter\" src=\"http:\/\/novedivadlomelnik.com\/wp-content\/uploads\/2016\/04\/Seherezada-plakat-854x1024.jpg\" alt=\"Seherezada-plakat\" width=\"100%\" srcset=\"http:\/\/novedivadlomelnik.com\/wp-content\/uploads\/2016\/04\/Seherezada-plakat-854x1024.jpg 854w, http:\/\/novedivadlomelnik.com\/wp-content\/uploads\/2016\/04\/Seherezada-plakat-250x300.jpg 250w, http:\/\/novedivadlomelnik.com\/wp-content\/uploads\/2016\/04\/Seherezada-plakat.jpg 1182w\" sizes=\"(max-width: 854px) 100vw, 854px\" \/><\/a><\/td>\n<\/tr>\n<\/tbody>\n<\/table>\n<p>\u00a0<\/p>","protected":false},"excerpt":{"rendered":"<p> [&hellip;]<\/p>\n","protected":false},"author":1,"featured_media":1863,"parent":9,"menu_order":0,"comment_status":"closed","ping_status":"closed","template":"wp-custom-template-stranka","meta":{"_EventAllDay":false,"_EventTimezone":"","_EventStartDate":"","_EventEndDate":"","_EventStartDateUTC":"","_EventEndDateUTC":"","_EventShowMap":false,"_EventShowMapLink":false,"_EventURL":"","_EventCost":"","_EventCostDescription":"","_EventCurrencySymbol":"","_EventCurrencyCode":"","_EventCurrencyPosition":"","_EventDateTimeSeparator":"","_EventTimeRangeSeparator":"","_EventOrganizerID":[],"_EventVenueID":0,"_OrganizerEmail":"","_OrganizerPhone":"","_OrganizerWebsite":"","_VenueAddress":"","_VenueCity":"","_VenueCountry":"","_VenueProvince":"","_VenueZip":"","_VenuePhone":"","_VenueURL":"","_VenueStateProvince":"","_VenueLat":"","_VenueLng":""},"_links":{"self":[{"href":"http:\/\/novedivadlomelnik.com\/index.php?rest_route=\/wp\/v2\/pages\/1346"}],"collection":[{"href":"http:\/\/novedivadlomelnik.com\/index.php?rest_route=\/wp\/v2\/pages"}],"about":[{"href":"http:\/\/novedivadlomelnik.com\/index.php?rest_route=\/wp\/v2\/types\/page"}],"author":[{"embeddable":true,"href":"http:\/\/novedivadlomelnik.com\/index.php?rest_route=\/wp\/v2\/users\/1"}],"replies":[{"embeddable":true,"href":"http:\/\/novedivadlomelnik.com\/index.php?rest_route=%2Fwp%2Fv2%2Fcomments&post=1346"}],"version-history":[{"count":6,"href":"http:\/\/novedivadlomelnik.com\/index.php?rest_route=\/wp\/v2\/pages\/1346\/revisions"}],"predecessor-version":[{"id":2595,"href":"http:\/\/novedivadlomelnik.com\/index.php?rest_route=\/wp\/v2\/pages\/1346\/revisions\/2595"}],"up":[{"embeddable":true,"href":"http:\/\/novedivadlomelnik.com\/index.php?rest_route=\/wp\/v2\/pages\/9"}],"wp:featuredmedia":[{"embeddable":true,"href":"http:\/\/novedivadlomelnik.com\/index.php?rest_route=\/wp\/v2\/media\/1863"}],"wp:attachment":[{"href":"http:\/\/novedivadlomelnik.com\/index.php?rest_route=%2Fwp%2Fv2%2Fmedia&parent=1346"}],"curies":[{"name":"wp","href":"https:\/\/api.w.org\/{rel}","templated":true}]}}