{"id":11,"date":"2010-11-29T19:32:55","date_gmt":"2010-11-29T19:32:55","guid":{"rendered":"http:\/\/novedivadlomelnik.com\/?page_id=11"},"modified":"2024-08-02T11:50:26","modified_gmt":"2024-08-02T10:50:26","slug":"program","status":"publish","type":"page","link":"http:\/\/novedivadlomelnik.com\/?page_id=11","title":{"rendered":"Kontakt"},"content":{"rendered":"<p style=\"text-align: center;\"><span style=\"font-size: medium; color: #ffffff;\"><strong>Divadeln\u00ed spolek Nov\u00e9 divadlo M\u011bln\u00edk<\/strong><\/span><\/p>\n<p style=\"text-align: center;\"><span style=\"font-size: medium; color: #000000;\"><span style=\"color: #ffffff;\">Vlas\u00e1kova 2689, M\u011bln\u00edk<\/span><\/span><\/p>\n<p style=\"text-align: center;\"><span style=\"font-size: medium; color: #ffffff;\">Tel.: 737 904 877<\/span><\/p>\n<p style=\"text-align: center;\"><span style=\"font-size: medium; color: #000000;\"><span style=\"color: #ffffff;\">E-mail<\/span> <span style=\"color: #ffffff;\">:\u00a0<\/span><\/span><span style=\"color: #ffffff;\"><a style=\"color: #ffffff;\" href=\"mailto:lady.melnik@seznam.cz\">lady.melnik@seznam.cz<\/a><\/span><\/p>\n<p style=\"text-align: center;\"><span style=\"color: #ffffff;\"><span style=\"font-size: medium;\">I\u010c: 67677444<\/span><\/span><\/p>\n<p><!-- BLUEBOARD MAILFORM --><\/p>\n<p><!-- BLUEBOARD MAILFORM KONEC--><\/p>\n","protected":false},"excerpt":{"rendered":"<p> [&hellip;]<\/p>\n","protected":false},"author":1,"featured_media":1721,"parent":0,"menu_order":0,"comment_status":"closed","ping_status":"closed","template":"wp-custom-template-stranka","meta":{"_EventAllDay":false,"_EventTimezone":"","_EventStartDate":"","_EventEndDate":"","_EventStartDateUTC":"","_EventEndDateUTC":"","_EventShowMap":false,"_EventShowMapLink":false,"_EventURL":"","_EventCost":"","_EventCostDescription":"","_EventCurrencySymbol":"","_EventCurrencyCode":"","_EventCurrencyPosition":"","_EventDateTimeSeparator":"","_EventTimeRangeSeparator":"","_EventOrganizerID":[],"_EventVenueID":0,"_OrganizerEmail":"","_OrganizerPhone":"","_OrganizerWebsite":"","_VenueAddress":"","_VenueCity":"","_VenueCountry":"","_VenueProvince":"","_VenueZip":"","_VenuePhone":"","_VenueURL":"","_VenueStateProvince":"","_VenueLat":"","_VenueLng":""},"_links":{"self":[{"href":"http:\/\/novedivadlomelnik.com\/index.php?rest_route=\/wp\/v2\/pages\/11"}],"collection":[{"href":"http:\/\/novedivadlomelnik.com\/index.php?rest_route=\/wp\/v2\/pages"}],"about":[{"href":"http:\/\/novedivadlomelnik.com\/index.php?rest_route=\/wp\/v2\/types\/page"}],"author":[{"embeddable":true,"href":"http:\/\/novedivadlomelnik.com\/index.php?rest_route=\/wp\/v2\/users\/1"}],"replies":[{"embeddable":true,"href":"http:\/\/novedivadlomelnik.com\/index.php?rest_route=%2Fwp%2Fv2%2Fcomments&post=11"}],"version-history":[{"count":47,"href":"http:\/\/novedivadlomelnik.com\/index.php?rest_route=\/wp\/v2\/pages\/11\/revisions"}],"predecessor-version":[{"id":2600,"href":"http:\/\/novedivadlomelnik.com\/index.php?rest_route=\/wp\/v2\/pages\/11\/revisions\/2600"}],"wp:featuredmedia":[{"embeddable":true,"href":"http:\/\/novedivadlomelnik.com\/index.php?rest_route=\/wp\/v2\/media\/1721"}],"wp:attachment":[{"href":"http:\/\/novedivadlomelnik.com\/index.php?rest_route=%2Fwp%2Fv2%2Fmedia&parent=11"}],"curies":[{"name":"wp","href":"https:\/\/api.w.org\/{rel}","templated":true}]}}